{"id":2160,"date":"2016-12-20T22:58:35","date_gmt":"2016-12-20T21:58:35","guid":{"rendered":"http:\/\/www.lesm-designstudio.com\/?page_id=2160"},"modified":"2024-09-25T15:07:22","modified_gmt":"2024-09-25T14:07:22","slug":"nuances-2","status":"publish","type":"page","link":"https:\/\/www.lesm-designstudio.com\/en\/nuances-2\/","title":{"rendered":"NUANCES"},"content":{"rendered":"<div class=\"wpb-content-wrapper\"><p>[vc_row css=&#8221;.vc_custom_1458836023456{border-radius: 1px !important;}&#8221;][vc_column width=&#8221;3\/4&#8243; css=&#8221;.vc_custom_1459432018869{margin-top: -24px !important;}&#8221;][vc_column_text css=&#8221;.vc_custom_1460034108923{border-radius: 1px !important;}&#8221;]<\/p>\n<p><img loading=\"lazy\" decoding=\"async\" class=\"aligncenter size-large wp-image-2450\" src=\"http:\/\/www.lesm-designstudio.com\/wp-content\/uploads\/2017\/04\/NUANCES4-1024x684.jpg\" alt=\"\" width=\"821\" height=\"548\" srcset=\"https:\/\/www.lesm-designstudio.com\/wp-content\/uploads\/2017\/04\/NUANCES4-1024x684.jpg 1024w, https:\/\/www.lesm-designstudio.com\/wp-content\/uploads\/2017\/04\/NUANCES4-150x100.jpg 150w, https:\/\/www.lesm-designstudio.com\/wp-content\/uploads\/2017\/04\/NUANCES4-300x200.jpg 300w, https:\/\/www.lesm-designstudio.com\/wp-content\/uploads\/2017\/04\/NUANCES4.jpg 1444w\" sizes=\"(max-width: 821px) 100vw, 821px\" \/><\/p>\n<p><img loading=\"lazy\" decoding=\"async\" class=\"aligncenter size-large wp-image-2264\" src=\"http:\/\/www.lesm-designstudio.com\/wp-content\/uploads\/2016\/12\/NUANCES-1024x601.jpg\" alt=\"\" width=\"821\" height=\"482\" srcset=\"https:\/\/www.lesm-designstudio.com\/wp-content\/uploads\/2016\/12\/NUANCES-1024x601.jpg 1024w, https:\/\/www.lesm-designstudio.com\/wp-content\/uploads\/2016\/12\/NUANCES-150x88.jpg 150w, https:\/\/www.lesm-designstudio.com\/wp-content\/uploads\/2016\/12\/NUANCES-300x176.jpg 300w\" sizes=\"(max-width: 821px) 100vw, 821px\" \/><\/p>\n<p><img loading=\"lazy\" decoding=\"async\" class=\"aligncenter size-large wp-image-2800\" src=\"http:\/\/www.lesm-designstudio.com\/wp-content\/uploads\/2017\/09\/TABLE-NUANCES-LES-M-STUDIO-CREDITS-PHOTO-MICHEL-DARTENSET-3-1024x713.jpg\" alt=\"\" width=\"821\" height=\"572\" srcset=\"https:\/\/www.lesm-designstudio.com\/wp-content\/uploads\/2017\/09\/TABLE-NUANCES-LES-M-STUDIO-CREDITS-PHOTO-MICHEL-DARTENSET-3-1024x713.jpg 1024w, https:\/\/www.lesm-designstudio.com\/wp-content\/uploads\/2017\/09\/TABLE-NUANCES-LES-M-STUDIO-CREDITS-PHOTO-MICHEL-DARTENSET-3-150x104.jpg 150w, https:\/\/www.lesm-designstudio.com\/wp-content\/uploads\/2017\/09\/TABLE-NUANCES-LES-M-STUDIO-CREDITS-PHOTO-MICHEL-DARTENSET-3-300x209.jpg 300w\" sizes=\"(max-width: 821px) 100vw, 821px\" \/><\/p>\n<p><img loading=\"lazy\" decoding=\"async\" class=\"aligncenter size-large wp-image-4121\" src=\"http:\/\/www.lesm-designstudio.com\/wp-content\/uploads\/2024\/09\/NUANCES3-1024x692.jpg\" alt=\"\" width=\"821\" height=\"555\" srcset=\"https:\/\/www.lesm-designstudio.com\/wp-content\/uploads\/2024\/09\/NUANCES3-1024x692.jpg 1024w, https:\/\/www.lesm-designstudio.com\/wp-content\/uploads\/2024\/09\/NUANCES3-300x203.jpg 300w, https:\/\/www.lesm-designstudio.com\/wp-content\/uploads\/2024\/09\/NUANCES3-150x101.jpg 150w, https:\/\/www.lesm-designstudio.com\/wp-content\/uploads\/2024\/09\/NUANCES3-1536x1039.jpg 1536w, https:\/\/www.lesm-designstudio.com\/wp-content\/uploads\/2024\/09\/NUANCES3-2048x1385.jpg 2048w\" sizes=\"(max-width: 821px) 100vw, 821px\" \/><\/p>\n<p>[\/vc_column_text][\/vc_column][vc_column width=&#8221;1\/4&#8243; css=&#8221;.vc_custom_1458838930175{background-color: #efefef !important;}&#8221;][vc_empty_space height=&#8221;2px&#8221;][vc_column_text]<\/p>\n<h3><span style=\"color: #808080;\">Nuances,\u00a0coffe table<\/span><\/h3>\n<p style=\"color: #808080; margin-top: -15px;\"><strong>2016<\/strong><\/p>\n<h6 style=\"margin-top: -15px;\">Materials : oak, steel and wicker<br \/>\nSize\u00a0: 150x37x32 cm<\/h6>\n<p style=\"text-align: justify;\">R\u00e9sidences de l&#8217;Art en Dordogne &#8211; P\u00f4le Exp\u00e9rimental des M\u00e9tiers d&#8217;Art de Nontron et du P\u00e9rigord Limousin<\/p>\n<p><strong>In collaboration with Adrian Charlton, basket-maker and wicker producer Alexander Hay, cabinet-maker<\/strong><\/p>\n<p style=\"text-align: justify;\">Basket-maker Adrian Charlton is also a wicker producer. He grows more than 25 varieties of willow, thus providing a very wide spectrum of colours. The designers wanted to highlight this richness by creating a full-length coffee table, a real swatch of unprocessed raw material. Wood and metal have been combined with wicker in a subtle way with the collaboration of cabinet-maker Alexander Hay.<\/p>\n<p>&nbsp;<\/p>\n<h6 style=\"margin-top: -15px; margin-bottom: 22px;\">Photo credits : Michel Dartenset<\/h6>\n<p>[\/vc_column_text][vc_empty_space height=&#8221;2px&#8221;][\/vc_column][\/vc_row][vc_row][vc_column][vc_separator][vc_basic_grid post_type=&#8221;page&#8221; max_items=&#8221;4&#8243; element_width=&#8221;3&#8243; orderby=&#8221;rand&#8221; item=&#8221;412&#8243; grid_id=&#8221;vc_gid:1482159026104-185577c0-bbe0-6&#8243; taxonomies=&#8221;8&#8243;][\/vc_column][\/vc_row]<\/p>\n<p>&nbsp;<\/p>\n<\/div>","protected":false},"excerpt":{"rendered":"<p>Design &#038; M\u00e9tiers d&#8217;Art Residency<\/p>\n","protected":false},"author":1,"featured_media":2800,"parent":0,"menu_order":0,"comment_status":"closed","ping_status":"closed","template":"","meta":{"footnotes":""},"class_list":["post-2160","page","type-page","status-publish","has-post-thumbnail","hentry"],"translation":{"provider":"WPGlobus","version":"3.0.0","language":"en","enabled_languages":["fr","en"],"languages":{"fr":{"title":true,"content":true,"excerpt":true},"en":{"title":false,"content":true,"excerpt":true}}},"yoast_head":"<!-- This site is optimized with the Yoast SEO plugin v23.9 - https:\/\/yoast.com\/wordpress\/plugins\/seo\/ -->\n<title>NUANCES - Les M Studio<\/title>\n<meta name=\"robots\" content=\"index, follow, max-snippet:-1, max-image-preview:large, max-video-preview:-1\" \/>\n<link rel=\"canonical\" href=\"https:\/\/www.lesm-designstudio.com\/en\/nuances-2\/\" \/>\n<meta property=\"og:locale\" content=\"en_US\" \/>\n<meta property=\"og:type\" content=\"article\" \/>\n<meta property=\"og:title\" content=\"NUANCES - Les M Studio\" \/>\n<meta property=\"og:url\" content=\"https:\/\/www.lesm-designstudio.com\/en\/nuances-2\/\" \/>\n<meta property=\"og:site_name\" content=\"Les M Studio\" \/>\n<meta property=\"article:modified_time\" content=\"2024-09-25T14:07:22+00:00\" \/>\n<meta property=\"og:image\" content=\"https:\/\/www.lesm-designstudio.com\/wp-content\/uploads\/2017\/09\/TABLE-NUANCES-LES-M-STUDIO-CREDITS-PHOTO-MICHEL-DARTENSET-3.jpg\" \/>\n\t<meta property=\"og:image:width\" content=\"5475\" \/>\n\t<meta property=\"og:image:height\" content=\"3814\" \/>\n\t<meta property=\"og:image:type\" content=\"image\/jpeg\" \/>\n<meta name=\"twitter:card\" content=\"summary_large_image\" \/>\n<meta name=\"twitter:label1\" content=\"Est. reading time\" \/>\n\t<meta name=\"twitter:data1\" content=\"2 minutes\" \/>\n<script type=\"application\/ld+json\" class=\"yoast-schema-graph\">{\"@context\":\"https:\/\/schema.org\",\"@graph\":[{\"@type\":\"WebPage\",\"@id\":\"https:\/\/www.lesm-designstudio.com\/en\/nuances-2\/\",\"url\":\"https:\/\/www.lesm-designstudio.com\/en\/nuances-2\/\",\"name\":\"NUANCES - Les M Studio\",\"isPartOf\":{\"@id\":\"https:\/\/www.lesm-designstudio.com\/en\/#website\"},\"primaryImageOfPage\":{\"@id\":\"https:\/\/www.lesm-designstudio.com\/en\/nuances-2\/#primaryimage\"},\"image\":{\"@id\":\"https:\/\/www.lesm-designstudio.com\/en\/nuances-2\/#primaryimage\"},\"thumbnailUrl\":\"https:\/\/www.lesm-designstudio.com\/wp-content\/uploads\/2017\/09\/TABLE-NUANCES-LES-M-STUDIO-CREDITS-PHOTO-MICHEL-DARTENSET-3.jpg\",\"datePublished\":\"2016-12-20T21:58:35+00:00\",\"dateModified\":\"2024-09-25T14:07:22+00:00\",\"breadcrumb\":{\"@id\":\"https:\/\/www.lesm-designstudio.com\/en\/nuances-2\/#breadcrumb\"},\"inLanguage\":\"en-US\",\"potentialAction\":[{\"@type\":\"ReadAction\",\"target\":[\"https:\/\/www.lesm-designstudio.com\/en\/nuances-2\/\"]}]},{\"@type\":\"ImageObject\",\"inLanguage\":\"en-US\",\"@id\":\"https:\/\/www.lesm-designstudio.com\/en\/nuances-2\/#primaryimage\",\"url\":\"https:\/\/www.lesm-designstudio.com\/wp-content\/uploads\/2017\/09\/TABLE-NUANCES-LES-M-STUDIO-CREDITS-PHOTO-MICHEL-DARTENSET-3.jpg\",\"contentUrl\":\"https:\/\/www.lesm-designstudio.com\/wp-content\/uploads\/2017\/09\/TABLE-NUANCES-LES-M-STUDIO-CREDITS-PHOTO-MICHEL-DARTENSET-3.jpg\",\"width\":5475,\"height\":3814},{\"@type\":\"BreadcrumbList\",\"@id\":\"https:\/\/www.lesm-designstudio.com\/en\/nuances-2\/#breadcrumb\",\"itemListElement\":[{\"@type\":\"ListItem\",\"position\":1,\"name\":\"Accueil\",\"item\":\"https:\/\/www.lesm-designstudio.com\/en\/\"},{\"@type\":\"ListItem\",\"position\":2,\"name\":\"NUANCES\"}]},{\"@type\":\"WebSite\",\"@id\":\"https:\/\/www.lesm-designstudio.com\/en\/#website\",\"url\":\"https:\/\/www.lesm-designstudio.com\/en\/\",\"name\":\"Les M Studio\",\"description\":\"\",\"publisher\":{\"@id\":\"https:\/\/www.lesm-designstudio.com\/en\/#organization\"},\"potentialAction\":[{\"@type\":\"SearchAction\",\"target\":{\"@type\":\"EntryPoint\",\"urlTemplate\":\"https:\/\/www.lesm-designstudio.com\/en\/?s={search_term_string}\"},\"query-input\":{\"@type\":\"PropertyValueSpecification\",\"valueRequired\":true,\"valueName\":\"search_term_string\"}}],\"inLanguage\":\"en-US\"},{\"@type\":\"Organization\",\"@id\":\"https:\/\/www.lesm-designstudio.com\/en\/#organization\",\"name\":\"Les M Studio\",\"url\":\"https:\/\/www.lesm-designstudio.com\/en\/\",\"logo\":{\"@type\":\"ImageObject\",\"inLanguage\":\"en-US\",\"@id\":\"https:\/\/www.lesm-designstudio.com\/en\/#\/schema\/logo\/image\/\",\"url\":\"https:\/\/www.lesm-designstudio.com\/wp-content\/uploads\/2016\/03\/LOGO.png\",\"contentUrl\":\"https:\/\/www.lesm-designstudio.com\/wp-content\/uploads\/2016\/03\/LOGO.png\",\"width\":492,\"height\":237,\"caption\":\"Les M Studio\"},\"image\":{\"@id\":\"https:\/\/www.lesm-designstudio.com\/en\/#\/schema\/logo\/image\/\"}}]}<\/script>\n<!-- \/ Yoast SEO plugin. -->","yoast_head_json":{"title":"NUANCES - Les M Studio","robots":{"index":"index","follow":"follow","max-snippet":"max-snippet:-1","max-image-preview":"max-image-preview:large","max-video-preview":"max-video-preview:-1"},"canonical":"https:\/\/www.lesm-designstudio.com\/en\/nuances-2\/","og_locale":"en_US","og_type":"article","og_title":"NUANCES - Les M Studio","og_url":"https:\/\/www.lesm-designstudio.com\/en\/nuances-2\/","og_site_name":"Les M Studio","article_modified_time":"2024-09-25T14:07:22+00:00","og_image":[{"width":5475,"height":3814,"url":"https:\/\/www.lesm-designstudio.com\/wp-content\/uploads\/2017\/09\/TABLE-NUANCES-LES-M-STUDIO-CREDITS-PHOTO-MICHEL-DARTENSET-3.jpg","type":"image\/jpeg"}],"twitter_card":"summary_large_image","twitter_misc":{"Est. reading time":"2 minutes"},"schema":{"@context":"https:\/\/schema.org","@graph":[{"@type":"WebPage","@id":"https:\/\/www.lesm-designstudio.com\/en\/nuances-2\/","url":"https:\/\/www.lesm-designstudio.com\/en\/nuances-2\/","name":"NUANCES - Les M Studio","isPartOf":{"@id":"https:\/\/www.lesm-designstudio.com\/en\/#website"},"primaryImageOfPage":{"@id":"https:\/\/www.lesm-designstudio.com\/en\/nuances-2\/#primaryimage"},"image":{"@id":"https:\/\/www.lesm-designstudio.com\/en\/nuances-2\/#primaryimage"},"thumbnailUrl":"https:\/\/www.lesm-designstudio.com\/wp-content\/uploads\/2017\/09\/TABLE-NUANCES-LES-M-STUDIO-CREDITS-PHOTO-MICHEL-DARTENSET-3.jpg","datePublished":"2016-12-20T21:58:35+00:00","dateModified":"2024-09-25T14:07:22+00:00","breadcrumb":{"@id":"https:\/\/www.lesm-designstudio.com\/en\/nuances-2\/#breadcrumb"},"inLanguage":"en-US","potentialAction":[{"@type":"ReadAction","target":["https:\/\/www.lesm-designstudio.com\/en\/nuances-2\/"]}]},{"@type":"ImageObject","inLanguage":"en-US","@id":"https:\/\/www.lesm-designstudio.com\/en\/nuances-2\/#primaryimage","url":"https:\/\/www.lesm-designstudio.com\/wp-content\/uploads\/2017\/09\/TABLE-NUANCES-LES-M-STUDIO-CREDITS-PHOTO-MICHEL-DARTENSET-3.jpg","contentUrl":"https:\/\/www.lesm-designstudio.com\/wp-content\/uploads\/2017\/09\/TABLE-NUANCES-LES-M-STUDIO-CREDITS-PHOTO-MICHEL-DARTENSET-3.jpg","width":5475,"height":3814},{"@type":"BreadcrumbList","@id":"https:\/\/www.lesm-designstudio.com\/en\/nuances-2\/#breadcrumb","itemListElement":[{"@type":"ListItem","position":1,"name":"Accueil","item":"https:\/\/www.lesm-designstudio.com\/en\/"},{"@type":"ListItem","position":2,"name":"NUANCES"}]},{"@type":"WebSite","@id":"https:\/\/www.lesm-designstudio.com\/en\/#website","url":"https:\/\/www.lesm-designstudio.com\/en\/","name":"Les M Studio","description":"","publisher":{"@id":"https:\/\/www.lesm-designstudio.com\/en\/#organization"},"potentialAction":[{"@type":"SearchAction","target":{"@type":"EntryPoint","urlTemplate":"https:\/\/www.lesm-designstudio.com\/en\/?s={search_term_string}"},"query-input":{"@type":"PropertyValueSpecification","valueRequired":true,"valueName":"search_term_string"}}],"inLanguage":"en-US"},{"@type":"Organization","@id":"https:\/\/www.lesm-designstudio.com\/en\/#organization","name":"Les M Studio","url":"https:\/\/www.lesm-designstudio.com\/en\/","logo":{"@type":"ImageObject","inLanguage":"en-US","@id":"https:\/\/www.lesm-designstudio.com\/en\/#\/schema\/logo\/image\/","url":"https:\/\/www.lesm-designstudio.com\/wp-content\/uploads\/2016\/03\/LOGO.png","contentUrl":"https:\/\/www.lesm-designstudio.com\/wp-content\/uploads\/2016\/03\/LOGO.png","width":492,"height":237,"caption":"Les M Studio"},"image":{"@id":"https:\/\/www.lesm-designstudio.com\/en\/#\/schema\/logo\/image\/"}}]}},"_links":{"self":[{"href":"https:\/\/www.lesm-designstudio.com\/en\/wp-json\/wp\/v2\/pages\/2160"}],"collection":[{"href":"https:\/\/www.lesm-designstudio.com\/en\/wp-json\/wp\/v2\/pages"}],"about":[{"href":"https:\/\/www.lesm-designstudio.com\/en\/wp-json\/wp\/v2\/types\/page"}],"author":[{"embeddable":true,"href":"https:\/\/www.lesm-designstudio.com\/en\/wp-json\/wp\/v2\/users\/1"}],"replies":[{"embeddable":true,"href":"https:\/\/www.lesm-designstudio.com\/en\/wp-json\/wp\/v2\/comments?post=2160"}],"version-history":[{"count":12,"href":"https:\/\/www.lesm-designstudio.com\/en\/wp-json\/wp\/v2\/pages\/2160\/revisions"}],"predecessor-version":[{"id":4131,"href":"https:\/\/www.lesm-designstudio.com\/en\/wp-json\/wp\/v2\/pages\/2160\/revisions\/4131"}],"wp:featuredmedia":[{"embeddable":true,"href":"https:\/\/www.lesm-designstudio.com\/en\/wp-json\/wp\/v2\/media\/2800"}],"wp:attachment":[{"href":"https:\/\/www.lesm-designstudio.com\/en\/wp-json\/wp\/v2\/media?parent=2160"}],"curies":[{"name":"wp","href":"https:\/\/api.w.org\/{rel}","templated":true}]}}