{"id":2138,"date":"2016-12-21T14:39:17","date_gmt":"2016-12-21T13:39:17","guid":{"rendered":"http:\/\/www.lesm-designstudio.com\/?page_id=2138"},"modified":"2024-09-09T14:22:40","modified_gmt":"2024-09-09T13:22:40","slug":"canopee","status":"publish","type":"page","link":"https:\/\/www.lesm-designstudio.com\/en\/canopee\/","title":{"rendered":"CANOPEE"},"content":{"rendered":"<div class=\"wpb-content-wrapper\"><p>[vc_row css=&#8221;.vc_custom_1458836023456{border-radius: 1px !important;}&#8221;][vc_column width=&#8221;3\/4&#8243; css=&#8221;.vc_custom_1459432018869{margin-top: -24px !important;}&#8221;][vc_column_text css=&#8221;.vc_custom_1460034108923{border-radius: 1px !important;}&#8221;]<\/p>\n<p style=\"text-align: justify;\"><span style=\"line-height: 1.5;\"><img loading=\"lazy\" decoding=\"async\" class=\"aligncenter size-large wp-image-2632\" src=\"http:\/\/www.lesm-designstudio.com\/wp-content\/uploads\/2017\/05\/TAPIS-CANOPEE-2-3-1024x730.jpg\" alt=\"\" width=\"821\" height=\"585\" srcset=\"https:\/\/www.lesm-designstudio.com\/wp-content\/uploads\/2017\/05\/TAPIS-CANOPEE-2-3-1024x730.jpg 1024w, https:\/\/www.lesm-designstudio.com\/wp-content\/uploads\/2017\/05\/TAPIS-CANOPEE-2-3-150x107.jpg 150w, https:\/\/www.lesm-designstudio.com\/wp-content\/uploads\/2017\/05\/TAPIS-CANOPEE-2-3-300x214.jpg 300w, https:\/\/www.lesm-designstudio.com\/wp-content\/uploads\/2017\/05\/TAPIS-CANOPEE-2-3.jpg 1500w\" sizes=\"(max-width: 821px) 100vw, 821px\" \/><\/span><\/p>\n<p style=\"text-align: justify;\"><span style=\"line-height: 1.5;\"><img loading=\"lazy\" decoding=\"async\" class=\"aligncenter size-large wp-image-2631\" src=\"http:\/\/www.lesm-designstudio.com\/wp-content\/uploads\/2017\/05\/TAPIS-CANOPEE-4-1024x739.jpg\" alt=\"\" width=\"821\" height=\"592\" srcset=\"https:\/\/www.lesm-designstudio.com\/wp-content\/uploads\/2017\/05\/TAPIS-CANOPEE-4-1024x739.jpg 1024w, https:\/\/www.lesm-designstudio.com\/wp-content\/uploads\/2017\/05\/TAPIS-CANOPEE-4-150x108.jpg 150w, https:\/\/www.lesm-designstudio.com\/wp-content\/uploads\/2017\/05\/TAPIS-CANOPEE-4-300x216.jpg 300w, https:\/\/www.lesm-designstudio.com\/wp-content\/uploads\/2017\/05\/TAPIS-CANOPEE-4.jpg 1500w\" sizes=\"(max-width: 821px) 100vw, 821px\" \/><\/span><\/p>\n<p style=\"text-align: justify;\"><span style=\"line-height: 1.5;\"><img loading=\"lazy\" decoding=\"async\" class=\"aligncenter wp-image-2451\" src=\"http:\/\/www.lesm-designstudio.com\/wp-content\/uploads\/2017\/04\/CANOPEE3.jpg\" alt=\"\" width=\"821\" height=\"1231\" srcset=\"https:\/\/www.lesm-designstudio.com\/wp-content\/uploads\/2017\/04\/CANOPEE3.jpg 567w, https:\/\/www.lesm-designstudio.com\/wp-content\/uploads\/2017\/04\/CANOPEE3-100x150.jpg 100w, https:\/\/www.lesm-designstudio.com\/wp-content\/uploads\/2017\/04\/CANOPEE3-200x300.jpg 200w\" sizes=\"(max-width: 821px) 100vw, 821px\" \/><\/span><\/p>\n<p style=\"text-align: justify;\">\n<p>[\/vc_column_text][\/vc_column][vc_column width=&#8221;1\/4&#8243; css=&#8221;.vc_custom_1458838930175{background-color: #efefef !important;}&#8221;][vc_empty_space height=&#8221;2px&#8221;][vc_column_text]<\/p>\n<h3><span style=\"color: #808080;\">Canop\u00e9e,\u00a0carpet<\/span><\/h3>\n<p style=\"color: #808080; margin-top: -15px;\"><strong>2016<\/strong><\/p>\n<h6 style=\"margin-top: -15px;\">Materials : recycled fabrics<br \/>\nSize : 155 x 135 cm<\/h6>\n<p style=\"text-align: justify;\">R\u00e9sidences de l&#8217;Art en Dordogne\u00a0&#8211; P\u00f4le Exp\u00e9rimental des M\u00e9tiers d&#8217;Art de Nontron et du P\u00e9rigord Limousin<\/p>\n<p><strong>In\u00a0collaboration with\u00a0Ingrid Jobet, weaver\u00a0<\/strong><\/p>\n<p style=\"text-align: justify;\">The designers reinvented the <em>lirette<\/em> technique of weaving by using coils of recycled fabric used as tagging in the vineyards of New Aquitaine. The enormous frame version of the braiding enabled the production of these pixilated patterns.\u00a0The design of the contour of the carpet refers to the shape of the leaves of wild orchids in the P\u00e9rigord. A loom was created specifically for the piece with the collaboration of Ingrid Jobet.<\/p>\n<p style=\"text-align: justify;\"><span style=\"line-height: 1.5;\">\u00a0<\/span><\/p>\n<h6 style=\"margin-top: -15px; margin-bottom: 22px;\">Photo credits :\u00a0Andr\u00e8s Lejona<\/h6>\n<p>[\/vc_column_text][vc_empty_space height=&#8221;2px&#8221;][\/vc_column][\/vc_row][vc_row][vc_column][vc_separator][vc_basic_grid post_type=&#8221;page&#8221; max_items=&#8221;4&#8243; element_width=&#8221;3&#8243; orderby=&#8221;rand&#8221; item=&#8221;412&#8243; grid_id=&#8221;vc_gid:1482156036822-35db0be3-c5ea-7&#8243; taxonomies=&#8221;8&#8243;][\/vc_column][\/vc_row]<\/p>\n<\/div>","protected":false},"excerpt":{"rendered":"<p>Design &#038; M\u00e9tiers d&#8217;Art Residency<\/p>\n","protected":false},"author":1,"featured_media":2632,"parent":0,"menu_order":0,"comment_status":"closed","ping_status":"closed","template":"","meta":{"footnotes":""},"class_list":["post-2138","page","type-page","status-publish","has-post-thumbnail","hentry"],"translation":{"provider":"WPGlobus","version":"3.0.0","language":"en","enabled_languages":["fr","en"],"languages":{"fr":{"title":true,"content":true,"excerpt":true},"en":{"title":false,"content":true,"excerpt":true}}},"yoast_head":"<!-- This site is optimized with the Yoast SEO plugin v23.9 - https:\/\/yoast.com\/wordpress\/plugins\/seo\/ -->\n<title>CANOPEE - Les M Studio<\/title>\n<meta name=\"robots\" content=\"index, follow, max-snippet:-1, max-image-preview:large, max-video-preview:-1\" \/>\n<link rel=\"canonical\" href=\"http:\/\/www.lesm-designstudio.com\/en\/canopee\/\" \/>\n<meta property=\"og:locale\" content=\"en_US\" \/>\n<meta property=\"og:type\" content=\"article\" \/>\n<meta property=\"og:title\" content=\"CANOPEE - Les M Studio\" \/>\n<meta property=\"og:url\" content=\"http:\/\/www.lesm-designstudio.com\/en\/canopee\/\" \/>\n<meta property=\"og:site_name\" content=\"Les M Studio\" \/>\n<meta property=\"article:modified_time\" content=\"2024-09-09T13:22:40+00:00\" \/>\n<meta property=\"og:image\" content=\"http:\/\/www.lesm-designstudio.com\/wp-content\/uploads\/2017\/05\/TAPIS-CANOPEE-2-3.jpg\" \/>\n\t<meta property=\"og:image:width\" content=\"1500\" \/>\n\t<meta property=\"og:image:height\" content=\"1070\" \/>\n\t<meta property=\"og:image:type\" content=\"image\/jpeg\" \/>\n<meta name=\"twitter:card\" content=\"summary_large_image\" \/>\n<meta name=\"twitter:label1\" content=\"Est. reading time\" \/>\n\t<meta name=\"twitter:data1\" content=\"2 minutes\" \/>\n<script type=\"application\/ld+json\" class=\"yoast-schema-graph\">{\"@context\":\"https:\/\/schema.org\",\"@graph\":[{\"@type\":\"WebPage\",\"@id\":\"http:\/\/www.lesm-designstudio.com\/en\/canopee\/\",\"url\":\"http:\/\/www.lesm-designstudio.com\/en\/canopee\/\",\"name\":\"CANOPEE - Les M Studio\",\"isPartOf\":{\"@id\":\"https:\/\/www.lesm-designstudio.com\/en\/#website\"},\"primaryImageOfPage\":{\"@id\":\"http:\/\/www.lesm-designstudio.com\/en\/canopee\/#primaryimage\"},\"image\":{\"@id\":\"http:\/\/www.lesm-designstudio.com\/en\/canopee\/#primaryimage\"},\"thumbnailUrl\":\"https:\/\/www.lesm-designstudio.com\/wp-content\/uploads\/2017\/05\/TAPIS-CANOPEE-2-3.jpg\",\"datePublished\":\"2016-12-21T13:39:17+00:00\",\"dateModified\":\"2024-09-09T13:22:40+00:00\",\"breadcrumb\":{\"@id\":\"http:\/\/www.lesm-designstudio.com\/en\/canopee\/#breadcrumb\"},\"inLanguage\":\"en-US\",\"potentialAction\":[{\"@type\":\"ReadAction\",\"target\":[\"http:\/\/www.lesm-designstudio.com\/en\/canopee\/\"]}]},{\"@type\":\"ImageObject\",\"inLanguage\":\"en-US\",\"@id\":\"http:\/\/www.lesm-designstudio.com\/en\/canopee\/#primaryimage\",\"url\":\"https:\/\/www.lesm-designstudio.com\/wp-content\/uploads\/2017\/05\/TAPIS-CANOPEE-2-3.jpg\",\"contentUrl\":\"https:\/\/www.lesm-designstudio.com\/wp-content\/uploads\/2017\/05\/TAPIS-CANOPEE-2-3.jpg\",\"width\":1500,\"height\":1070},{\"@type\":\"BreadcrumbList\",\"@id\":\"http:\/\/www.lesm-designstudio.com\/en\/canopee\/#breadcrumb\",\"itemListElement\":[{\"@type\":\"ListItem\",\"position\":1,\"name\":\"Accueil\",\"item\":\"https:\/\/www.lesm-designstudio.com\/en\/\"},{\"@type\":\"ListItem\",\"position\":2,\"name\":\"CANOPEE\"}]},{\"@type\":\"WebSite\",\"@id\":\"https:\/\/www.lesm-designstudio.com\/en\/#website\",\"url\":\"https:\/\/www.lesm-designstudio.com\/en\/\",\"name\":\"Les M Studio\",\"description\":\"\",\"publisher\":{\"@id\":\"https:\/\/www.lesm-designstudio.com\/en\/#organization\"},\"potentialAction\":[{\"@type\":\"SearchAction\",\"target\":{\"@type\":\"EntryPoint\",\"urlTemplate\":\"https:\/\/www.lesm-designstudio.com\/en\/?s={search_term_string}\"},\"query-input\":{\"@type\":\"PropertyValueSpecification\",\"valueRequired\":true,\"valueName\":\"search_term_string\"}}],\"inLanguage\":\"en-US\"},{\"@type\":\"Organization\",\"@id\":\"https:\/\/www.lesm-designstudio.com\/en\/#organization\",\"name\":\"Les M Studio\",\"url\":\"https:\/\/www.lesm-designstudio.com\/en\/\",\"logo\":{\"@type\":\"ImageObject\",\"inLanguage\":\"en-US\",\"@id\":\"https:\/\/www.lesm-designstudio.com\/en\/#\/schema\/logo\/image\/\",\"url\":\"https:\/\/www.lesm-designstudio.com\/wp-content\/uploads\/2016\/03\/LOGO.png\",\"contentUrl\":\"https:\/\/www.lesm-designstudio.com\/wp-content\/uploads\/2016\/03\/LOGO.png\",\"width\":492,\"height\":237,\"caption\":\"Les M Studio\"},\"image\":{\"@id\":\"https:\/\/www.lesm-designstudio.com\/en\/#\/schema\/logo\/image\/\"}}]}<\/script>\n<!-- \/ Yoast SEO plugin. -->","yoast_head_json":{"title":"CANOPEE - Les M Studio","robots":{"index":"index","follow":"follow","max-snippet":"max-snippet:-1","max-image-preview":"max-image-preview:large","max-video-preview":"max-video-preview:-1"},"canonical":"http:\/\/www.lesm-designstudio.com\/en\/canopee\/","og_locale":"en_US","og_type":"article","og_title":"CANOPEE - Les M Studio","og_url":"http:\/\/www.lesm-designstudio.com\/en\/canopee\/","og_site_name":"Les M Studio","article_modified_time":"2024-09-09T13:22:40+00:00","og_image":[{"width":1500,"height":1070,"url":"http:\/\/www.lesm-designstudio.com\/wp-content\/uploads\/2017\/05\/TAPIS-CANOPEE-2-3.jpg","type":"image\/jpeg"}],"twitter_card":"summary_large_image","twitter_misc":{"Est. reading time":"2 minutes"},"schema":{"@context":"https:\/\/schema.org","@graph":[{"@type":"WebPage","@id":"http:\/\/www.lesm-designstudio.com\/en\/canopee\/","url":"http:\/\/www.lesm-designstudio.com\/en\/canopee\/","name":"CANOPEE - Les M Studio","isPartOf":{"@id":"https:\/\/www.lesm-designstudio.com\/en\/#website"},"primaryImageOfPage":{"@id":"http:\/\/www.lesm-designstudio.com\/en\/canopee\/#primaryimage"},"image":{"@id":"http:\/\/www.lesm-designstudio.com\/en\/canopee\/#primaryimage"},"thumbnailUrl":"https:\/\/www.lesm-designstudio.com\/wp-content\/uploads\/2017\/05\/TAPIS-CANOPEE-2-3.jpg","datePublished":"2016-12-21T13:39:17+00:00","dateModified":"2024-09-09T13:22:40+00:00","breadcrumb":{"@id":"http:\/\/www.lesm-designstudio.com\/en\/canopee\/#breadcrumb"},"inLanguage":"en-US","potentialAction":[{"@type":"ReadAction","target":["http:\/\/www.lesm-designstudio.com\/en\/canopee\/"]}]},{"@type":"ImageObject","inLanguage":"en-US","@id":"http:\/\/www.lesm-designstudio.com\/en\/canopee\/#primaryimage","url":"https:\/\/www.lesm-designstudio.com\/wp-content\/uploads\/2017\/05\/TAPIS-CANOPEE-2-3.jpg","contentUrl":"https:\/\/www.lesm-designstudio.com\/wp-content\/uploads\/2017\/05\/TAPIS-CANOPEE-2-3.jpg","width":1500,"height":1070},{"@type":"BreadcrumbList","@id":"http:\/\/www.lesm-designstudio.com\/en\/canopee\/#breadcrumb","itemListElement":[{"@type":"ListItem","position":1,"name":"Accueil","item":"https:\/\/www.lesm-designstudio.com\/en\/"},{"@type":"ListItem","position":2,"name":"CANOPEE"}]},{"@type":"WebSite","@id":"https:\/\/www.lesm-designstudio.com\/en\/#website","url":"https:\/\/www.lesm-designstudio.com\/en\/","name":"Les M Studio","description":"","publisher":{"@id":"https:\/\/www.lesm-designstudio.com\/en\/#organization"},"potentialAction":[{"@type":"SearchAction","target":{"@type":"EntryPoint","urlTemplate":"https:\/\/www.lesm-designstudio.com\/en\/?s={search_term_string}"},"query-input":{"@type":"PropertyValueSpecification","valueRequired":true,"valueName":"search_term_string"}}],"inLanguage":"en-US"},{"@type":"Organization","@id":"https:\/\/www.lesm-designstudio.com\/en\/#organization","name":"Les M Studio","url":"https:\/\/www.lesm-designstudio.com\/en\/","logo":{"@type":"ImageObject","inLanguage":"en-US","@id":"https:\/\/www.lesm-designstudio.com\/en\/#\/schema\/logo\/image\/","url":"https:\/\/www.lesm-designstudio.com\/wp-content\/uploads\/2016\/03\/LOGO.png","contentUrl":"https:\/\/www.lesm-designstudio.com\/wp-content\/uploads\/2016\/03\/LOGO.png","width":492,"height":237,"caption":"Les M Studio"},"image":{"@id":"https:\/\/www.lesm-designstudio.com\/en\/#\/schema\/logo\/image\/"}}]}},"_links":{"self":[{"href":"https:\/\/www.lesm-designstudio.com\/en\/wp-json\/wp\/v2\/pages\/2138"}],"collection":[{"href":"https:\/\/www.lesm-designstudio.com\/en\/wp-json\/wp\/v2\/pages"}],"about":[{"href":"https:\/\/www.lesm-designstudio.com\/en\/wp-json\/wp\/v2\/types\/page"}],"author":[{"embeddable":true,"href":"https:\/\/www.lesm-designstudio.com\/en\/wp-json\/wp\/v2\/users\/1"}],"replies":[{"embeddable":true,"href":"https:\/\/www.lesm-designstudio.com\/en\/wp-json\/wp\/v2\/comments?post=2138"}],"version-history":[{"count":15,"href":"https:\/\/www.lesm-designstudio.com\/en\/wp-json\/wp\/v2\/pages\/2138\/revisions"}],"predecessor-version":[{"id":3785,"href":"https:\/\/www.lesm-designstudio.com\/en\/wp-json\/wp\/v2\/pages\/2138\/revisions\/3785"}],"wp:featuredmedia":[{"embeddable":true,"href":"https:\/\/www.lesm-designstudio.com\/en\/wp-json\/wp\/v2\/media\/2632"}],"wp:attachment":[{"href":"https:\/\/www.lesm-designstudio.com\/en\/wp-json\/wp\/v2\/media?parent=2138"}],"curies":[{"name":"wp","href":"https:\/\/api.w.org\/{rel}","templated":true}]}}