{"id":2134,"date":"2016-12-19T14:38:01","date_gmt":"2016-12-19T13:38:01","guid":{"rendered":"http:\/\/www.lesm-designstudio.com\/?page_id=2134"},"modified":"2024-09-09T14:32:02","modified_gmt":"2024-09-09T13:32:02","slug":"eclisse-5","status":"publish","type":"page","link":"https:\/\/www.lesm-designstudio.com\/en\/projets\/eclisse-5\/","title":{"rendered":"ECLISSE"},"content":{"rendered":"<div class=\"wpb-content-wrapper\"><p>[vc_row css=&#8221;.vc_custom_1458836023456{border-radius: 1px !important;}&#8221;][vc_column width=&#8221;3\/4&#8243; css=&#8221;.vc_custom_1459432018869{margin-top: -24px !important;}&#8221;][vc_column_text css=&#8221;.vc_custom_1460034108923{border-radius: 1px !important;}&#8221;]<\/p>\n<p style=\"text-align: justify;\"><span style=\"line-height: 1.5;\"><img loading=\"lazy\" decoding=\"async\" class=\"aligncenter wp-image-2629 size-large\" src=\"http:\/\/www.lesm-designstudio.com\/wp-content\/uploads\/2017\/05\/ECLISSE-3-1024x715.jpg\" alt=\"\" width=\"821\" height=\"573\" srcset=\"https:\/\/www.lesm-designstudio.com\/wp-content\/uploads\/2017\/05\/ECLISSE-3-1024x715.jpg 1024w, https:\/\/www.lesm-designstudio.com\/wp-content\/uploads\/2017\/05\/ECLISSE-3-150x105.jpg 150w, https:\/\/www.lesm-designstudio.com\/wp-content\/uploads\/2017\/05\/ECLISSE-3-300x210.jpg 300w, https:\/\/www.lesm-designstudio.com\/wp-content\/uploads\/2017\/05\/ECLISSE-3.jpg 1500w\" sizes=\"(max-width: 821px) 100vw, 821px\" \/><\/span><\/p>\n<p style=\"text-align: justify;\"><span style=\"line-height: 1.5;\"><img loading=\"lazy\" decoding=\"async\" class=\"aligncenter size-large wp-image-2301\" src=\"http:\/\/www.lesm-designstudio.com\/wp-content\/uploads\/2017\/01\/PANIER-ECLISSE-LES-M-STUDIO-CREDITS-PHOTO-MICHEL-DARTENSET-3-1024x727.jpg\" alt=\"\" width=\"821\" height=\"583\" srcset=\"https:\/\/www.lesm-designstudio.com\/wp-content\/uploads\/2017\/01\/PANIER-ECLISSE-LES-M-STUDIO-CREDITS-PHOTO-MICHEL-DARTENSET-3-1024x727.jpg 1024w, https:\/\/www.lesm-designstudio.com\/wp-content\/uploads\/2017\/01\/PANIER-ECLISSE-LES-M-STUDIO-CREDITS-PHOTO-MICHEL-DARTENSET-3-150x106.jpg 150w, https:\/\/www.lesm-designstudio.com\/wp-content\/uploads\/2017\/01\/PANIER-ECLISSE-LES-M-STUDIO-CREDITS-PHOTO-MICHEL-DARTENSET-3-300x213.jpg 300w\" sizes=\"(max-width: 821px) 100vw, 821px\" \/><\/span><\/p>\n<p style=\"text-align: justify;\"><span style=\"line-height: 1.5;\"><img loading=\"lazy\" decoding=\"async\" class=\"aligncenter size-large wp-image-2447\" src=\"http:\/\/www.lesm-designstudio.com\/wp-content\/uploads\/2017\/04\/ECLISSE2-1024x718.jpg\" alt=\"\" width=\"821\" height=\"576\" srcset=\"https:\/\/www.lesm-designstudio.com\/wp-content\/uploads\/2017\/04\/ECLISSE2-1024x718.jpg 1024w, https:\/\/www.lesm-designstudio.com\/wp-content\/uploads\/2017\/04\/ECLISSE2-150x105.jpg 150w, https:\/\/www.lesm-designstudio.com\/wp-content\/uploads\/2017\/04\/ECLISSE2-300x210.jpg 300w, https:\/\/www.lesm-designstudio.com\/wp-content\/uploads\/2017\/04\/ECLISSE2.jpg 1762w\" sizes=\"(max-width: 821px) 100vw, 821px\" \/><\/span><\/p>\n<p style=\"text-align: justify;\"><span style=\"line-height: 1.5;\"><img loading=\"lazy\" decoding=\"async\" class=\"aligncenter size-large wp-image-2448\" src=\"http:\/\/www.lesm-designstudio.com\/wp-content\/uploads\/2017\/04\/ECLISSE-4-1024x668.jpg\" alt=\"\" width=\"821\" height=\"536\" srcset=\"https:\/\/www.lesm-designstudio.com\/wp-content\/uploads\/2017\/04\/ECLISSE-4-1024x668.jpg 1024w, https:\/\/www.lesm-designstudio.com\/wp-content\/uploads\/2017\/04\/ECLISSE-4-150x98.jpg 150w, https:\/\/www.lesm-designstudio.com\/wp-content\/uploads\/2017\/04\/ECLISSE-4-300x196.jpg 300w\" sizes=\"(max-width: 821px) 100vw, 821px\" \/><\/span><\/p>\n<p>[\/vc_column_text][\/vc_column][vc_column width=&#8221;1\/4&#8243; css=&#8221;.vc_custom_1458838930175{background-color: #efefef !important;}&#8221;][vc_empty_space height=&#8221;2px&#8221;][vc_column_text]<\/p>\n<h3><span style=\"color: #808080;\">Eclisse,\u00a0basket<\/span><\/h3>\n<p style=\"color: #808080; margin-top: -15px;\"><strong>2016<\/strong><\/p>\n<h6 style=\"margin-top: -15px;\">Materials\u00a0:\u00a0leather and oak<br \/>\nSize\u00a0: 50x30x25 cm<\/h6>\n<p style=\"text-align: justify;\">R\u00e9sidences de l&#8217;Art en Dordogne &#8211; P\u00f4le Exp\u00e9rimental des M\u00e9tiers d&#8217;Art de Nontron et du P\u00e9rigord Limousin<\/p>\n<p><strong>In collaboration with Nathalie Lecoeur, leatherworker\u00a0<\/strong><\/p>\n<p style=\"text-align: justify;\">Leatherwork has become the heart of the region were leaders of the French leather industry are established (CWD &#8211; the first saddler in France, Repetto and Herm\u00e8s &#8211; located in Nontron itself). Les M Studio has developed a range of luxurious upholstered leather baskets, inspired by traditional local chestnut weaving. A piece of wood makes it possible to assemble and give form to the basket in an astute way. This project was developed in partnership with Chamont Tanneries, one of the few producers of vegetable leather.<span style=\"line-height: 1.5;\">\u00a0<\/span><\/p>\n<p>&nbsp;<\/p>\n<h6 style=\"margin-top: -15px; margin-bottom: 22px;\">Photo credits :\u00a0Andr\u00e8s Lejona<\/h6>\n<p>[\/vc_column_text][vc_empty_space height=&#8221;2px&#8221;][\/vc_column][\/vc_row][vc_row][vc_column][vc_separator][vc_basic_grid post_type=&#8221;page&#8221; max_items=&#8221;4&#8243; element_width=&#8221;3&#8243; orderby=&#8221;rand&#8221; item=&#8221;412&#8243; grid_id=&#8221;vc_gid:1482154804068-970f2afd-db7e-0&#8243; taxonomies=&#8221;8&#8243;][\/vc_column][\/vc_row]<\/p>\n<\/div>","protected":false},"excerpt":{"rendered":"<p>Design &#038; M\u00e9tiers d&#8217;Art Residency<\/p>\n","protected":false},"author":1,"featured_media":2629,"parent":6,"menu_order":0,"comment_status":"closed","ping_status":"closed","template":"","meta":{"footnotes":""},"class_list":["post-2134","page","type-page","status-publish","has-post-thumbnail","hentry"],"translation":{"provider":"WPGlobus","version":"3.0.0","language":"en","enabled_languages":["fr","en"],"languages":{"fr":{"title":true,"content":true,"excerpt":true},"en":{"title":false,"content":true,"excerpt":true}}},"yoast_head":"<!-- This site is optimized with the Yoast SEO plugin v23.9 - https:\/\/yoast.com\/wordpress\/plugins\/seo\/ -->\n<title>ECLISSE - Les M Studio<\/title>\n<meta name=\"robots\" content=\"index, follow, max-snippet:-1, max-image-preview:large, max-video-preview:-1\" \/>\n<link rel=\"canonical\" href=\"https:\/\/www.lesm-designstudio.com\/projets\/eclisse-5\/\" \/>\n<meta property=\"og:locale\" content=\"en_US\" \/>\n<meta property=\"og:type\" content=\"article\" \/>\n<meta property=\"og:title\" content=\"ECLISSE - Les M Studio\" \/>\n<meta property=\"og:url\" content=\"https:\/\/www.lesm-designstudio.com\/projets\/eclisse-5\/\" \/>\n<meta property=\"og:site_name\" content=\"Les M Studio\" \/>\n<meta property=\"article:modified_time\" content=\"2024-09-09T13:32:02+00:00\" \/>\n<meta property=\"og:image\" content=\"https:\/\/www.lesm-designstudio.com\/wp-content\/uploads\/2017\/05\/ECLISSE-3.jpg\" \/>\n\t<meta property=\"og:image:width\" content=\"1500\" \/>\n\t<meta property=\"og:image:height\" content=\"1048\" \/>\n\t<meta property=\"og:image:type\" content=\"image\/jpeg\" \/>\n<meta name=\"twitter:card\" content=\"summary_large_image\" \/>\n<meta name=\"twitter:label1\" content=\"Est. reading time\" \/>\n\t<meta name=\"twitter:data1\" content=\"2 minutes\" \/>\n<script type=\"application\/ld+json\" class=\"yoast-schema-graph\">{\"@context\":\"https:\/\/schema.org\",\"@graph\":[{\"@type\":\"WebPage\",\"@id\":\"https:\/\/www.lesm-designstudio.com\/projets\/eclisse-5\/\",\"url\":\"https:\/\/www.lesm-designstudio.com\/projets\/eclisse-5\/\",\"name\":\"ECLISSE - Les M Studio\",\"isPartOf\":{\"@id\":\"https:\/\/www.lesm-designstudio.com\/en\/#website\"},\"primaryImageOfPage\":{\"@id\":\"https:\/\/www.lesm-designstudio.com\/projets\/eclisse-5\/#primaryimage\"},\"image\":{\"@id\":\"https:\/\/www.lesm-designstudio.com\/projets\/eclisse-5\/#primaryimage\"},\"thumbnailUrl\":\"https:\/\/www.lesm-designstudio.com\/wp-content\/uploads\/2017\/05\/ECLISSE-3.jpg\",\"datePublished\":\"2016-12-19T13:38:01+00:00\",\"dateModified\":\"2024-09-09T13:32:02+00:00\",\"breadcrumb\":{\"@id\":\"https:\/\/www.lesm-designstudio.com\/projets\/eclisse-5\/#breadcrumb\"},\"inLanguage\":\"en-US\",\"potentialAction\":[{\"@type\":\"ReadAction\",\"target\":[\"https:\/\/www.lesm-designstudio.com\/projets\/eclisse-5\/\"]}]},{\"@type\":\"ImageObject\",\"inLanguage\":\"en-US\",\"@id\":\"https:\/\/www.lesm-designstudio.com\/projets\/eclisse-5\/#primaryimage\",\"url\":\"https:\/\/www.lesm-designstudio.com\/wp-content\/uploads\/2017\/05\/ECLISSE-3.jpg\",\"contentUrl\":\"https:\/\/www.lesm-designstudio.com\/wp-content\/uploads\/2017\/05\/ECLISSE-3.jpg\",\"width\":1500,\"height\":1048},{\"@type\":\"BreadcrumbList\",\"@id\":\"https:\/\/www.lesm-designstudio.com\/projets\/eclisse-5\/#breadcrumb\",\"itemListElement\":[{\"@type\":\"ListItem\",\"position\":1,\"name\":\"Accueil\",\"item\":\"https:\/\/www.lesm-designstudio.com\/en\/\"},{\"@type\":\"ListItem\",\"position\":2,\"name\":\"Projets\",\"item\":\"https:\/\/www.lesm-designstudio.com\/en\/\"},{\"@type\":\"ListItem\",\"position\":3,\"name\":\"ECLISSE\"}]},{\"@type\":\"WebSite\",\"@id\":\"https:\/\/www.lesm-designstudio.com\/en\/#website\",\"url\":\"https:\/\/www.lesm-designstudio.com\/en\/\",\"name\":\"Les M Studio\",\"description\":\"\",\"publisher\":{\"@id\":\"https:\/\/www.lesm-designstudio.com\/en\/#organization\"},\"potentialAction\":[{\"@type\":\"SearchAction\",\"target\":{\"@type\":\"EntryPoint\",\"urlTemplate\":\"https:\/\/www.lesm-designstudio.com\/en\/?s={search_term_string}\"},\"query-input\":{\"@type\":\"PropertyValueSpecification\",\"valueRequired\":true,\"valueName\":\"search_term_string\"}}],\"inLanguage\":\"en-US\"},{\"@type\":\"Organization\",\"@id\":\"https:\/\/www.lesm-designstudio.com\/en\/#organization\",\"name\":\"Les M Studio\",\"url\":\"https:\/\/www.lesm-designstudio.com\/en\/\",\"logo\":{\"@type\":\"ImageObject\",\"inLanguage\":\"en-US\",\"@id\":\"https:\/\/www.lesm-designstudio.com\/en\/#\/schema\/logo\/image\/\",\"url\":\"https:\/\/www.lesm-designstudio.com\/wp-content\/uploads\/2016\/03\/LOGO.png\",\"contentUrl\":\"https:\/\/www.lesm-designstudio.com\/wp-content\/uploads\/2016\/03\/LOGO.png\",\"width\":492,\"height\":237,\"caption\":\"Les M Studio\"},\"image\":{\"@id\":\"https:\/\/www.lesm-designstudio.com\/en\/#\/schema\/logo\/image\/\"}}]}<\/script>\n<!-- \/ Yoast SEO plugin. -->","yoast_head_json":{"title":"ECLISSE - Les M Studio","robots":{"index":"index","follow":"follow","max-snippet":"max-snippet:-1","max-image-preview":"max-image-preview:large","max-video-preview":"max-video-preview:-1"},"canonical":"https:\/\/www.lesm-designstudio.com\/projets\/eclisse-5\/","og_locale":"en_US","og_type":"article","og_title":"ECLISSE - Les M Studio","og_url":"https:\/\/www.lesm-designstudio.com\/projets\/eclisse-5\/","og_site_name":"Les M Studio","article_modified_time":"2024-09-09T13:32:02+00:00","og_image":[{"width":1500,"height":1048,"url":"https:\/\/www.lesm-designstudio.com\/wp-content\/uploads\/2017\/05\/ECLISSE-3.jpg","type":"image\/jpeg"}],"twitter_card":"summary_large_image","twitter_misc":{"Est. reading time":"2 minutes"},"schema":{"@context":"https:\/\/schema.org","@graph":[{"@type":"WebPage","@id":"https:\/\/www.lesm-designstudio.com\/projets\/eclisse-5\/","url":"https:\/\/www.lesm-designstudio.com\/projets\/eclisse-5\/","name":"ECLISSE - Les M Studio","isPartOf":{"@id":"https:\/\/www.lesm-designstudio.com\/en\/#website"},"primaryImageOfPage":{"@id":"https:\/\/www.lesm-designstudio.com\/projets\/eclisse-5\/#primaryimage"},"image":{"@id":"https:\/\/www.lesm-designstudio.com\/projets\/eclisse-5\/#primaryimage"},"thumbnailUrl":"https:\/\/www.lesm-designstudio.com\/wp-content\/uploads\/2017\/05\/ECLISSE-3.jpg","datePublished":"2016-12-19T13:38:01+00:00","dateModified":"2024-09-09T13:32:02+00:00","breadcrumb":{"@id":"https:\/\/www.lesm-designstudio.com\/projets\/eclisse-5\/#breadcrumb"},"inLanguage":"en-US","potentialAction":[{"@type":"ReadAction","target":["https:\/\/www.lesm-designstudio.com\/projets\/eclisse-5\/"]}]},{"@type":"ImageObject","inLanguage":"en-US","@id":"https:\/\/www.lesm-designstudio.com\/projets\/eclisse-5\/#primaryimage","url":"https:\/\/www.lesm-designstudio.com\/wp-content\/uploads\/2017\/05\/ECLISSE-3.jpg","contentUrl":"https:\/\/www.lesm-designstudio.com\/wp-content\/uploads\/2017\/05\/ECLISSE-3.jpg","width":1500,"height":1048},{"@type":"BreadcrumbList","@id":"https:\/\/www.lesm-designstudio.com\/projets\/eclisse-5\/#breadcrumb","itemListElement":[{"@type":"ListItem","position":1,"name":"Accueil","item":"https:\/\/www.lesm-designstudio.com\/en\/"},{"@type":"ListItem","position":2,"name":"Projets","item":"https:\/\/www.lesm-designstudio.com\/en\/"},{"@type":"ListItem","position":3,"name":"ECLISSE"}]},{"@type":"WebSite","@id":"https:\/\/www.lesm-designstudio.com\/en\/#website","url":"https:\/\/www.lesm-designstudio.com\/en\/","name":"Les M Studio","description":"","publisher":{"@id":"https:\/\/www.lesm-designstudio.com\/en\/#organization"},"potentialAction":[{"@type":"SearchAction","target":{"@type":"EntryPoint","urlTemplate":"https:\/\/www.lesm-designstudio.com\/en\/?s={search_term_string}"},"query-input":{"@type":"PropertyValueSpecification","valueRequired":true,"valueName":"search_term_string"}}],"inLanguage":"en-US"},{"@type":"Organization","@id":"https:\/\/www.lesm-designstudio.com\/en\/#organization","name":"Les M Studio","url":"https:\/\/www.lesm-designstudio.com\/en\/","logo":{"@type":"ImageObject","inLanguage":"en-US","@id":"https:\/\/www.lesm-designstudio.com\/en\/#\/schema\/logo\/image\/","url":"https:\/\/www.lesm-designstudio.com\/wp-content\/uploads\/2016\/03\/LOGO.png","contentUrl":"https:\/\/www.lesm-designstudio.com\/wp-content\/uploads\/2016\/03\/LOGO.png","width":492,"height":237,"caption":"Les M Studio"},"image":{"@id":"https:\/\/www.lesm-designstudio.com\/en\/#\/schema\/logo\/image\/"}}]}},"_links":{"self":[{"href":"https:\/\/www.lesm-designstudio.com\/en\/wp-json\/wp\/v2\/pages\/2134"}],"collection":[{"href":"https:\/\/www.lesm-designstudio.com\/en\/wp-json\/wp\/v2\/pages"}],"about":[{"href":"https:\/\/www.lesm-designstudio.com\/en\/wp-json\/wp\/v2\/types\/page"}],"author":[{"embeddable":true,"href":"https:\/\/www.lesm-designstudio.com\/en\/wp-json\/wp\/v2\/users\/1"}],"replies":[{"embeddable":true,"href":"https:\/\/www.lesm-designstudio.com\/en\/wp-json\/wp\/v2\/comments?post=2134"}],"version-history":[{"count":19,"href":"https:\/\/www.lesm-designstudio.com\/en\/wp-json\/wp\/v2\/pages\/2134\/revisions"}],"predecessor-version":[{"id":3791,"href":"https:\/\/www.lesm-designstudio.com\/en\/wp-json\/wp\/v2\/pages\/2134\/revisions\/3791"}],"up":[{"embeddable":true,"href":"https:\/\/www.lesm-designstudio.com\/en\/wp-json\/wp\/v2\/pages\/6"}],"wp:featuredmedia":[{"embeddable":true,"href":"https:\/\/www.lesm-designstudio.com\/en\/wp-json\/wp\/v2\/media\/2629"}],"wp:attachment":[{"href":"https:\/\/www.lesm-designstudio.com\/en\/wp-json\/wp\/v2\/media?parent=2134"}],"curies":[{"name":"wp","href":"https:\/\/api.w.org\/{rel}","templated":true}]}}