{"id":2094,"date":"2016-12-29T23:07:02","date_gmt":"2016-12-29T22:07:02","guid":{"rendered":"http:\/\/www.lesm-designstudio.com\/?page_id=2094"},"modified":"2024-09-23T10:32:21","modified_gmt":"2024-09-23T09:32:21","slug":"parenthese-3","status":"publish","type":"page","link":"https:\/\/www.lesm-designstudio.com\/en\/parenthese-3\/","title":{"rendered":"PARENTHESE"},"content":{"rendered":"<div class=\"wpb-content-wrapper\"><p>[vc_row][vc_column][vc_column_text]<\/p>\n<p style=\"text-align: justify;\"><img loading=\"lazy\" decoding=\"async\" class=\"aligncenter wp-image-2424\" src=\"http:\/\/www.lesm-designstudio.com\/wp-content\/uploads\/2017\/04\/PARENTHESE.jpg\" alt=\"\" width=\"821\" height=\"977\" srcset=\"https:\/\/www.lesm-designstudio.com\/wp-content\/uploads\/2017\/04\/PARENTHESE.jpg 842w, https:\/\/www.lesm-designstudio.com\/wp-content\/uploads\/2017\/04\/PARENTHESE-126x150.jpg 126w, https:\/\/www.lesm-designstudio.com\/wp-content\/uploads\/2017\/04\/PARENTHESE-252x300.jpg 252w\" sizes=\"(max-width: 821px) 100vw, 821px\" \/><\/p>\n<p><img loading=\"lazy\" decoding=\"async\" class=\"aligncenter size-large wp-image-2425\" src=\"http:\/\/www.lesm-designstudio.com\/wp-content\/uploads\/2017\/04\/PARENTHESE2-1024x526.jpg\" alt=\"\" width=\"821\" height=\"422\" srcset=\"https:\/\/www.lesm-designstudio.com\/wp-content\/uploads\/2017\/04\/PARENTHESE2-1024x526.jpg 1024w, https:\/\/www.lesm-designstudio.com\/wp-content\/uploads\/2017\/04\/PARENTHESE2-150x77.jpg 150w, https:\/\/www.lesm-designstudio.com\/wp-content\/uploads\/2017\/04\/PARENTHESE2-300x154.jpg 300w, https:\/\/www.lesm-designstudio.com\/wp-content\/uploads\/2017\/04\/PARENTHESE2.jpg 1244w\" sizes=\"(max-width: 821px) 100vw, 821px\" \/><\/p>\n<p><img loading=\"lazy\" decoding=\"async\" class=\"aligncenter wp-image-2432\" src=\"http:\/\/www.lesm-designstudio.com\/wp-content\/uploads\/2017\/04\/PARENTHESE9-683x1024.jpg\" alt=\"\" width=\"821\" height=\"1230\" srcset=\"https:\/\/www.lesm-designstudio.com\/wp-content\/uploads\/2017\/04\/PARENTHESE9-683x1024.jpg 683w, https:\/\/www.lesm-designstudio.com\/wp-content\/uploads\/2017\/04\/PARENTHESE9-100x150.jpg 100w, https:\/\/www.lesm-designstudio.com\/wp-content\/uploads\/2017\/04\/PARENTHESE9-200x300.jpg 200w, https:\/\/www.lesm-designstudio.com\/wp-content\/uploads\/2017\/04\/PARENTHESE9.jpg 899w\" sizes=\"(max-width: 821px) 100vw, 821px\" \/><\/p>\n<p><img loading=\"lazy\" decoding=\"async\" class=\"aligncenter size-large wp-image-2428\" src=\"http:\/\/www.lesm-designstudio.com\/wp-content\/uploads\/2017\/04\/PARENTHESE5-1024x684.jpg\" alt=\"\" width=\"821\" height=\"548\" srcset=\"https:\/\/www.lesm-designstudio.com\/wp-content\/uploads\/2017\/04\/PARENTHESE5-1024x684.jpg 1024w, https:\/\/www.lesm-designstudio.com\/wp-content\/uploads\/2017\/04\/PARENTHESE5-150x100.jpg 150w, https:\/\/www.lesm-designstudio.com\/wp-content\/uploads\/2017\/04\/PARENTHESE5-300x200.jpg 300w, https:\/\/www.lesm-designstudio.com\/wp-content\/uploads\/2017\/04\/PARENTHESE5.jpg 1444w\" sizes=\"(max-width: 821px) 100vw, 821px\" \/><\/p>\n<p><img loading=\"lazy\" decoding=\"async\" class=\"aligncenter size-large wp-image-2430\" src=\"http:\/\/www.lesm-designstudio.com\/wp-content\/uploads\/2017\/04\/PARENTHESE7-1024x684.jpg\" alt=\"\" width=\"821\" height=\"548\" srcset=\"https:\/\/www.lesm-designstudio.com\/wp-content\/uploads\/2017\/04\/PARENTHESE7-1024x684.jpg 1024w, https:\/\/www.lesm-designstudio.com\/wp-content\/uploads\/2017\/04\/PARENTHESE7-150x100.jpg 150w, https:\/\/www.lesm-designstudio.com\/wp-content\/uploads\/2017\/04\/PARENTHESE7-300x200.jpg 300w, https:\/\/www.lesm-designstudio.com\/wp-content\/uploads\/2017\/04\/PARENTHESE7.jpg 1444w\" sizes=\"(max-width: 821px) 100vw, 821px\" \/><\/p>\n<p><img loading=\"lazy\" decoding=\"async\" class=\"aligncenter size-large wp-image-2427\" src=\"http:\/\/www.lesm-designstudio.com\/wp-content\/uploads\/2017\/04\/PARENTHESE4-1024x683.jpg\" alt=\"\" width=\"821\" height=\"548\" srcset=\"https:\/\/www.lesm-designstudio.com\/wp-content\/uploads\/2017\/04\/PARENTHESE4-1024x683.jpg 1024w, https:\/\/www.lesm-designstudio.com\/wp-content\/uploads\/2017\/04\/PARENTHESE4-150x100.jpg 150w, https:\/\/www.lesm-designstudio.com\/wp-content\/uploads\/2017\/04\/PARENTHESE4-300x200.jpg 300w, https:\/\/www.lesm-designstudio.com\/wp-content\/uploads\/2017\/04\/PARENTHESE4.jpg 1425w\" sizes=\"(max-width: 821px) 100vw, 821px\" \/><\/p>\n<p><img loading=\"lazy\" decoding=\"async\" class=\"aligncenter size-large wp-image-2431\" src=\"http:\/\/www.lesm-designstudio.com\/wp-content\/uploads\/2017\/04\/PARENTHESE8-1024x684.jpg\" alt=\"\" width=\"821\" height=\"548\" srcset=\"https:\/\/www.lesm-designstudio.com\/wp-content\/uploads\/2017\/04\/PARENTHESE8-1024x684.jpg 1024w, https:\/\/www.lesm-designstudio.com\/wp-content\/uploads\/2017\/04\/PARENTHESE8-150x100.jpg 150w, https:\/\/www.lesm-designstudio.com\/wp-content\/uploads\/2017\/04\/PARENTHESE8-300x200.jpg 300w, https:\/\/www.lesm-designstudio.com\/wp-content\/uploads\/2017\/04\/PARENTHESE8.jpg 1444w\" sizes=\"(max-width: 821px) 100vw, 821px\" \/><\/p>\n<p style=\"text-align: justify;\"><img loading=\"lazy\" decoding=\"async\" class=\"aligncenter size-large wp-image-2429\" src=\"http:\/\/www.lesm-designstudio.com\/wp-content\/uploads\/2017\/04\/PARENTHESE6-1024x683.jpg\" alt=\"\" width=\"821\" height=\"548\" srcset=\"https:\/\/www.lesm-designstudio.com\/wp-content\/uploads\/2017\/04\/PARENTHESE6-1024x683.jpg 1024w, https:\/\/www.lesm-designstudio.com\/wp-content\/uploads\/2017\/04\/PARENTHESE6-150x100.jpg 150w, https:\/\/www.lesm-designstudio.com\/wp-content\/uploads\/2017\/04\/PARENTHESE6-300x200.jpg 300w, https:\/\/www.lesm-designstudio.com\/wp-content\/uploads\/2017\/04\/PARENTHESE6.jpg 1500w\" sizes=\"(max-width: 821px) 100vw, 821px\" \/><\/p>\n<p><img loading=\"lazy\" decoding=\"async\" class=\"aligncenter wp-image-2426\" src=\"http:\/\/www.lesm-designstudio.com\/wp-content\/uploads\/2017\/04\/PARENTHESE3-768x1024.jpg\" alt=\"\" width=\"821\" height=\"1094\" srcset=\"https:\/\/www.lesm-designstudio.com\/wp-content\/uploads\/2017\/04\/PARENTHESE3-768x1024.jpg 768w, https:\/\/www.lesm-designstudio.com\/wp-content\/uploads\/2017\/04\/PARENTHESE3-113x150.jpg 113w, https:\/\/www.lesm-designstudio.com\/wp-content\/uploads\/2017\/04\/PARENTHESE3-225x300.jpg 225w, https:\/\/www.lesm-designstudio.com\/wp-content\/uploads\/2017\/04\/PARENTHESE3.jpg 916w\" sizes=\"(max-width: 821px) 100vw, 821px\" \/><\/p>\n<p>[\/vc_column_text][\/vc_column][\/vc_row][vc_row][vc_column][vc_column_text]<\/p>\n<p style=\"text-align: justify;\">Twenty-two months of collaboration has led to the creation of an amazing collection called &#8220;Parenth\u00e8se&#8221;.\u00a0\u201cParenth\u00e8se\u201d refers to the months designers spend immersed in the heart of the P\u00e9rigord-Limousin Regional Natural Park, away from their normal surroundings and daily life.\u00a0Their inspiration from the natural park is a strong theme which runs through the entire collection &#8220;Parenth\u00e8se&#8221;.\u00a0The &#8220;Parenth\u00e8se&#8221; project is a collection of objects and furniture inspired by the natural beauty of the Park. It revolves around an imaginary picnic in the forest, where time has stood still. The designers usher the generosity and sumptuousness of flora and fauna of the P\u00e9rigord Vert into our interiors by combining generous curves, richness of pattern and colour, as well as comfort and softness.<\/p>\n<p style=\"text-align: justify;\">The collection is the result of collaboration between Les M Studio and a variety of professional craftspeople in the area. The use of traditional techniques (basketry, weaving, cabinet-making) make use of local materials (leather, wood, wicker), which have been a new and stimulating project for Les M Studio. The working relationships for \u201cParenth\u00e8se\u201d evolved gradually after many visits and meetings. The craftspeople who became involved in the project were chosen for their technical and aesthetic skills, but also and most importantly for their passion and shared motivation.<\/p>\n<p style=\"text-align: justify;\">A fabulous meeting with lithographer Janet Cintas and experiments involving walnut leaves and orchids, gave rise to &#8220;Botanica&#8221;, a transposition in textile printing using the subtle nuances of lithography.\u00a0Traditional weaving was revisited on a monumental scale with weaver Ingrid Jobet, as a result of innovative research in terms of both techniques and graphics.\u00a0Inspired by traditional local chestnut weaving, leatherworker Nathalie Lecoeur, enhanced her technique in the interlacing of bands of vegetable leather.\u00a0Wicker and wickerwork formed the basis of collaborations with Adrian Charlton.\u00a0Working with wicker in a totally unusual way, Alexander Hay used the range of colours to create a coffee table with a gradation of natural tones. While the bottoms of baskets were transformed into imaginary animals. The armchair created with the cabinet-maker Alexander Hay and upholsterer Laurence Girard was conceived by Les M Studio to be the ideal chair. Comfort first and then aesthetics, inspired by the foliage of the forest and the stag, the great king of the forest. The final piece of the collection is a folding knife, created with the cutler Fran\u00e7ois Devige and inspired by studded doors in Nontron. This travelling companion is a real success, a valuable and precious piece of jewellery, combining our design skills and his cutlery know-how, inventing a new system to stay as close as possible to design and concept.<\/p>\n<p style=\"text-align: justify;\">&#8220;Parenth\u00e8se&#8221; is the tale of an adventure, a story of an encounter with landscapes and their inhabitants. This collection has the core design elements of aesthetics, comfort and use but it also respects the rhythms of the local area and the knowledge and desires of all those involved. With this collection, Les M Studio presents a resolutely contemporary vision of rurality.<\/p>\n<p>R\u00e9sidences de l&#8217;Art en Dordogne &#8211; P\u00f4le Exp\u00e9rimental des M\u00e9tiers d&#8217;Art de Nontron et du P\u00e9rigord Limousin<\/p>\n<h6 style=\"margin-top: -15px; margin-bottom: 22px;\">Photo credits : Michel Dartenset<\/h6>\n<p>[\/vc_column_text][\/vc_column][\/vc_row][vc_row][vc_column][vc_column_text]<\/p>\n<p>[\/vc_column_text][\/vc_column][\/vc_row]<\/p>\n<\/div>","protected":false},"excerpt":{"rendered":"<p>Design &#038; M\u00e9tiers d&#8217;Art Residency<\/p>\n","protected":false},"author":1,"featured_media":2092,"parent":0,"menu_order":0,"comment_status":"closed","ping_status":"closed","template":"","meta":{"footnotes":""},"class_list":["post-2094","page","type-page","status-publish","has-post-thumbnail","hentry"],"translation":{"provider":"WPGlobus","version":"3.0.0","language":"en","enabled_languages":["fr","en"],"languages":{"fr":{"title":true,"content":true,"excerpt":true},"en":{"title":true,"content":true,"excerpt":true}}},"yoast_head":"<!-- This site is optimized with the Yoast SEO plugin v23.9 - https:\/\/yoast.com\/wordpress\/plugins\/seo\/ -->\n<title>PARENTHESE - Les M Studio<\/title>\n<meta name=\"robots\" content=\"index, follow, max-snippet:-1, max-image-preview:large, max-video-preview:-1\" \/>\n<link rel=\"canonical\" href=\"https:\/\/www.lesm-designstudio.com\/parenthese-3\/\" \/>\n<meta property=\"og:locale\" content=\"en_US\" \/>\n<meta property=\"og:type\" content=\"article\" \/>\n<meta property=\"og:title\" content=\"PARENTHESE - Les M Studio\" \/>\n<meta property=\"og:url\" content=\"https:\/\/www.lesm-designstudio.com\/parenthese-3\/\" \/>\n<meta property=\"og:site_name\" content=\"Les M Studio\" \/>\n<meta property=\"article:modified_time\" content=\"2024-09-23T09:32:21+00:00\" \/>\n<meta property=\"og:image\" content=\"https:\/\/www.lesm-designstudio.com\/wp-content\/uploads\/2016\/10\/PARENTHESE.jpg\" \/>\n\t<meta property=\"og:image:width\" content=\"2000\" \/>\n\t<meta property=\"og:image:height\" content=\"1415\" \/>\n\t<meta property=\"og:image:type\" content=\"image\/jpeg\" \/>\n<meta name=\"twitter:card\" content=\"summary_large_image\" \/>\n<meta name=\"twitter:label1\" content=\"Est. reading time\" \/>\n\t<meta name=\"twitter:data1\" content=\"7 minutes\" \/>\n<script type=\"application\/ld+json\" class=\"yoast-schema-graph\">{\"@context\":\"https:\/\/schema.org\",\"@graph\":[{\"@type\":\"WebPage\",\"@id\":\"https:\/\/www.lesm-designstudio.com\/parenthese-3\/\",\"url\":\"https:\/\/www.lesm-designstudio.com\/parenthese-3\/\",\"name\":\"PARENTHESE - Les M Studio\",\"isPartOf\":{\"@id\":\"https:\/\/www.lesm-designstudio.com\/en\/#website\"},\"primaryImageOfPage\":{\"@id\":\"https:\/\/www.lesm-designstudio.com\/parenthese-3\/#primaryimage\"},\"image\":{\"@id\":\"https:\/\/www.lesm-designstudio.com\/parenthese-3\/#primaryimage\"},\"thumbnailUrl\":\"https:\/\/www.lesm-designstudio.com\/wp-content\/uploads\/2016\/10\/PARENTHESE.jpg\",\"datePublished\":\"2016-12-29T22:07:02+00:00\",\"dateModified\":\"2024-09-23T09:32:21+00:00\",\"breadcrumb\":{\"@id\":\"https:\/\/www.lesm-designstudio.com\/parenthese-3\/#breadcrumb\"},\"inLanguage\":\"en-US\",\"potentialAction\":[{\"@type\":\"ReadAction\",\"target\":[\"https:\/\/www.lesm-designstudio.com\/parenthese-3\/\"]}]},{\"@type\":\"ImageObject\",\"inLanguage\":\"en-US\",\"@id\":\"https:\/\/www.lesm-designstudio.com\/parenthese-3\/#primaryimage\",\"url\":\"https:\/\/www.lesm-designstudio.com\/wp-content\/uploads\/2016\/10\/PARENTHESE.jpg\",\"contentUrl\":\"https:\/\/www.lesm-designstudio.com\/wp-content\/uploads\/2016\/10\/PARENTHESE.jpg\",\"width\":2000,\"height\":1415},{\"@type\":\"BreadcrumbList\",\"@id\":\"https:\/\/www.lesm-designstudio.com\/parenthese-3\/#breadcrumb\",\"itemListElement\":[{\"@type\":\"ListItem\",\"position\":1,\"name\":\"Accueil\",\"item\":\"https:\/\/www.lesm-designstudio.com\/en\/\"},{\"@type\":\"ListItem\",\"position\":2,\"name\":\"PARENTHESE\"}]},{\"@type\":\"WebSite\",\"@id\":\"https:\/\/www.lesm-designstudio.com\/en\/#website\",\"url\":\"https:\/\/www.lesm-designstudio.com\/en\/\",\"name\":\"Les M Studio\",\"description\":\"\",\"publisher\":{\"@id\":\"https:\/\/www.lesm-designstudio.com\/en\/#organization\"},\"potentialAction\":[{\"@type\":\"SearchAction\",\"target\":{\"@type\":\"EntryPoint\",\"urlTemplate\":\"https:\/\/www.lesm-designstudio.com\/en\/?s={search_term_string}\"},\"query-input\":{\"@type\":\"PropertyValueSpecification\",\"valueRequired\":true,\"valueName\":\"search_term_string\"}}],\"inLanguage\":\"en-US\"},{\"@type\":\"Organization\",\"@id\":\"https:\/\/www.lesm-designstudio.com\/en\/#organization\",\"name\":\"Les M Studio\",\"url\":\"https:\/\/www.lesm-designstudio.com\/en\/\",\"logo\":{\"@type\":\"ImageObject\",\"inLanguage\":\"en-US\",\"@id\":\"https:\/\/www.lesm-designstudio.com\/en\/#\/schema\/logo\/image\/\",\"url\":\"https:\/\/www.lesm-designstudio.com\/wp-content\/uploads\/2016\/03\/LOGO.png\",\"contentUrl\":\"https:\/\/www.lesm-designstudio.com\/wp-content\/uploads\/2016\/03\/LOGO.png\",\"width\":492,\"height\":237,\"caption\":\"Les M Studio\"},\"image\":{\"@id\":\"https:\/\/www.lesm-designstudio.com\/en\/#\/schema\/logo\/image\/\"}}]}<\/script>\n<!-- \/ Yoast SEO plugin. -->","yoast_head_json":{"title":"PARENTHESE - Les M Studio","robots":{"index":"index","follow":"follow","max-snippet":"max-snippet:-1","max-image-preview":"max-image-preview:large","max-video-preview":"max-video-preview:-1"},"canonical":"https:\/\/www.lesm-designstudio.com\/parenthese-3\/","og_locale":"en_US","og_type":"article","og_title":"PARENTHESE - Les M Studio","og_url":"https:\/\/www.lesm-designstudio.com\/parenthese-3\/","og_site_name":"Les M Studio","article_modified_time":"2024-09-23T09:32:21+00:00","og_image":[{"width":2000,"height":1415,"url":"https:\/\/www.lesm-designstudio.com\/wp-content\/uploads\/2016\/10\/PARENTHESE.jpg","type":"image\/jpeg"}],"twitter_card":"summary_large_image","twitter_misc":{"Est. reading time":"7 minutes"},"schema":{"@context":"https:\/\/schema.org","@graph":[{"@type":"WebPage","@id":"https:\/\/www.lesm-designstudio.com\/parenthese-3\/","url":"https:\/\/www.lesm-designstudio.com\/parenthese-3\/","name":"PARENTHESE - Les M Studio","isPartOf":{"@id":"https:\/\/www.lesm-designstudio.com\/en\/#website"},"primaryImageOfPage":{"@id":"https:\/\/www.lesm-designstudio.com\/parenthese-3\/#primaryimage"},"image":{"@id":"https:\/\/www.lesm-designstudio.com\/parenthese-3\/#primaryimage"},"thumbnailUrl":"https:\/\/www.lesm-designstudio.com\/wp-content\/uploads\/2016\/10\/PARENTHESE.jpg","datePublished":"2016-12-29T22:07:02+00:00","dateModified":"2024-09-23T09:32:21+00:00","breadcrumb":{"@id":"https:\/\/www.lesm-designstudio.com\/parenthese-3\/#breadcrumb"},"inLanguage":"en-US","potentialAction":[{"@type":"ReadAction","target":["https:\/\/www.lesm-designstudio.com\/parenthese-3\/"]}]},{"@type":"ImageObject","inLanguage":"en-US","@id":"https:\/\/www.lesm-designstudio.com\/parenthese-3\/#primaryimage","url":"https:\/\/www.lesm-designstudio.com\/wp-content\/uploads\/2016\/10\/PARENTHESE.jpg","contentUrl":"https:\/\/www.lesm-designstudio.com\/wp-content\/uploads\/2016\/10\/PARENTHESE.jpg","width":2000,"height":1415},{"@type":"BreadcrumbList","@id":"https:\/\/www.lesm-designstudio.com\/parenthese-3\/#breadcrumb","itemListElement":[{"@type":"ListItem","position":1,"name":"Accueil","item":"https:\/\/www.lesm-designstudio.com\/en\/"},{"@type":"ListItem","position":2,"name":"PARENTHESE"}]},{"@type":"WebSite","@id":"https:\/\/www.lesm-designstudio.com\/en\/#website","url":"https:\/\/www.lesm-designstudio.com\/en\/","name":"Les M Studio","description":"","publisher":{"@id":"https:\/\/www.lesm-designstudio.com\/en\/#organization"},"potentialAction":[{"@type":"SearchAction","target":{"@type":"EntryPoint","urlTemplate":"https:\/\/www.lesm-designstudio.com\/en\/?s={search_term_string}"},"query-input":{"@type":"PropertyValueSpecification","valueRequired":true,"valueName":"search_term_string"}}],"inLanguage":"en-US"},{"@type":"Organization","@id":"https:\/\/www.lesm-designstudio.com\/en\/#organization","name":"Les M Studio","url":"https:\/\/www.lesm-designstudio.com\/en\/","logo":{"@type":"ImageObject","inLanguage":"en-US","@id":"https:\/\/www.lesm-designstudio.com\/en\/#\/schema\/logo\/image\/","url":"https:\/\/www.lesm-designstudio.com\/wp-content\/uploads\/2016\/03\/LOGO.png","contentUrl":"https:\/\/www.lesm-designstudio.com\/wp-content\/uploads\/2016\/03\/LOGO.png","width":492,"height":237,"caption":"Les M Studio"},"image":{"@id":"https:\/\/www.lesm-designstudio.com\/en\/#\/schema\/logo\/image\/"}}]}},"_links":{"self":[{"href":"https:\/\/www.lesm-designstudio.com\/en\/wp-json\/wp\/v2\/pages\/2094"}],"collection":[{"href":"https:\/\/www.lesm-designstudio.com\/en\/wp-json\/wp\/v2\/pages"}],"about":[{"href":"https:\/\/www.lesm-designstudio.com\/en\/wp-json\/wp\/v2\/types\/page"}],"author":[{"embeddable":true,"href":"https:\/\/www.lesm-designstudio.com\/en\/wp-json\/wp\/v2\/users\/1"}],"replies":[{"embeddable":true,"href":"https:\/\/www.lesm-designstudio.com\/en\/wp-json\/wp\/v2\/comments?post=2094"}],"version-history":[{"count":31,"href":"https:\/\/www.lesm-designstudio.com\/en\/wp-json\/wp\/v2\/pages\/2094\/revisions"}],"predecessor-version":[{"id":3941,"href":"https:\/\/www.lesm-designstudio.com\/en\/wp-json\/wp\/v2\/pages\/2094\/revisions\/3941"}],"wp:featuredmedia":[{"embeddable":true,"href":"https:\/\/www.lesm-designstudio.com\/en\/wp-json\/wp\/v2\/media\/2092"}],"wp:attachment":[{"href":"https:\/\/www.lesm-designstudio.com\/en\/wp-json\/wp\/v2\/media?parent=2094"}],"curies":[{"name":"wp","href":"https:\/\/api.w.org\/{rel}","templated":true}]}}