{"id":198,"date":"2016-03-10T16:32:49","date_gmt":"2016-03-10T15:32:49","guid":{"rendered":"http:\/\/www.lesm-designstudio.com\/?page_id=198"},"modified":"2024-09-05T15:26:23","modified_gmt":"2024-09-05T14:26:23","slug":"mentions-legales","status":"publish","type":"page","link":"https:\/\/www.lesm-designstudio.com\/en\/mentions-legales\/","title":{"rendered":"Mentions l\u00e9gales"},"content":{"rendered":"<div class=\"wpb-content-wrapper\"><p>[vc_row][vc_column width=&#8221;1\/2&#8243;][vc_column_text]<\/p>\n<h4><strong>Droit d\u2019auteur\u00a0:<\/strong><\/h4>\n<p style=\"text-align: justify;\">Le contenu de ce site (textes, \u0153uvres graphiques, photographiques ou illustrations et installations de toutes origines), pr\u00e9sent sur le site Internet Les M Studio, constitue des cr\u00e9ations graphiques et\/ou de logiciels originales prot\u00e9g\u00e9es par la loi n\u00b0\u00a092-597 du 01\/07\/92 relative au code de la propri\u00e9t\u00e9 intellectuelle. \u00c0 ce titre, toute reproduction, repr\u00e9sentation, utilisation, adaptation, modification, incorporation, traduction, commercialisation, partielles ou int\u00e9grales des \u00e9l\u00e9ments contenus dans ce site, sans l\u2019autorisation \u00e9crite pr\u00e9alable de Les M Studio, est interdite, sous peine de constituer un d\u00e9lit de contrefa\u00e7on de droit d\u2019auteur. Les contrevenants seront poursuivis, sans pr\u00e9judice de tout autre recours.<\/p>\n<h4><strong>Editeur du site :<\/strong><\/h4>\n<p>Les M Studio<br \/>\nC\u00e9line Merhand &#038; Ana\u00efs Morel<br \/>\n105, rue de Neudorf \u2013 2221 Luxembourg<br \/>\n5, quai de la Pr\u00e9valaye \u2013 35000 Rennes\u00a0\u2013 France<br \/>\n<a href=\"mailto:info@lesm-designstudio.com\" target=\"_blank\" rel=\"noopener noreferrer\">info@lesm-designstudio.com<\/a><\/p>\n<h4><\/h4>\n<h4><span style=\"color: #808080;\">Cr\u00e9ation, int\u00e9gration, r\u00e9f\u00e9rencement\u00a0:<\/span><\/h4>\n<p>Fabriqu\u00e9 \u00e0 Rennes<br \/>\nE-mail : <a href=\"mailto:gautier@far.bzh\">gautier@far.bzh<\/a><br \/>\nSite web : <a href=\"https:\/\/far.bzh\">https:\/\/far.bzh<\/a><\/p>\n<h4><\/h4>\n<h4><span style=\"color: #808080;\">H\u00e9bergement du site :<\/span><\/h4>\n<p>Ionos SARL<br \/>\n7, place de la Gare<br \/>\nBP 70109<br \/>\n57201 Sarreguemines Cedex[\/vc_column_text][\/vc_column][vc_column width=&#8221;1\/2&#8243;][\/vc_column][\/vc_row]<\/p>\n<\/div>","protected":false},"excerpt":{"rendered":"<p>[vc_row][vc_column width=&#8221;1\/2&#8243;][vc_column_text] Droit d\u2019auteur\u00a0: Le contenu de ce site (textes, \u0153uvres graphiques, photographiques ou illustrations et installations de toutes origines), pr\u00e9sent sur le site Internet Les M Studio, constitue des cr\u00e9ations graphiques et\/ou de logiciels originales prot\u00e9g\u00e9es par la loi n\u00b0\u00a092-597 du 01\/07\/92 relative au code de la propri\u00e9t\u00e9 intellectuelle. \u00c0 ce titre, toute reproduction, repr\u00e9sentation, utilisation, adaptation, modification, incorporation, traduction, commercialisation, partielles ou int\u00e9grales des \u00e9l\u00e9ments contenus dans ce site, sans l\u2019autorisation \u00e9crite pr\u00e9alable de Les M Studio, est interdite, sous peine de constituer un d\u00e9lit de contrefa\u00e7on de droit d\u2019auteur. Les contrevenants seront poursuivis, sans pr\u00e9judice de tout autre recours. Editeur du site : Les M Studio C\u00e9line Merhand &#038; Ana\u00efs Morel 105, rue de Neudorf \u2013 2221 Luxembourg 5, quai de la Pr\u00e9valaye \u2013 35000 Rennes\u00a0\u2013 France info@lesm-designstudio.com Cr\u00e9ation, int\u00e9gration, r\u00e9f\u00e9rencement\u00a0: Fabriqu\u00e9 \u00e0 Rennes E-mail : gautier@far.bzh Site web : https:\/\/far.bzh H\u00e9bergement du site : Ionos SARL 7, place de la Gare BP 70109 57201 Sarreguemines Cedex[\/vc_column_text][\/vc_column][vc_column width=&#8221;1\/2&#8243;][\/vc_column][\/vc_row]<\/p>\n","protected":false},"author":1,"featured_media":0,"parent":0,"menu_order":0,"comment_status":"closed","ping_status":"closed","template":"","meta":{"footnotes":""},"class_list":["post-198","page","type-page","status-publish","hentry"],"translation":{"provider":"WPGlobus","version":"3.0.0","language":"en","enabled_languages":["fr","en"],"languages":{"fr":{"title":true,"content":true,"excerpt":false},"en":{"title":false,"content":false,"excerpt":false}}},"yoast_head":"<!-- This site is optimized with the Yoast SEO plugin v23.9 - https:\/\/yoast.com\/wordpress\/plugins\/seo\/ -->\n<title>Mentions l\u00e9gales - Les M Studio<\/title>\n<meta name=\"robots\" content=\"index, follow, max-snippet:-1, max-image-preview:large, max-video-preview:-1\" \/>\n<link rel=\"canonical\" href=\"http:\/\/www.lesm-designstudio.com\/mentions-legales\/\" \/>\n<meta property=\"og:locale\" content=\"en_US\" \/>\n<meta property=\"og:type\" content=\"article\" \/>\n<meta property=\"og:title\" content=\"Mentions l\u00e9gales - Les M Studio\" \/>\n<meta property=\"og:url\" content=\"http:\/\/www.lesm-designstudio.com\/mentions-legales\/\" \/>\n<meta property=\"og:site_name\" content=\"Les M Studio\" \/>\n<meta property=\"article:modified_time\" content=\"2024-09-05T14:26:23+00:00\" \/>\n<meta name=\"twitter:card\" content=\"summary_large_image\" \/>\n<meta name=\"twitter:label1\" content=\"Est. reading time\" \/>\n\t<meta name=\"twitter:data1\" content=\"1 minute\" \/>\n<script type=\"application\/ld+json\" class=\"yoast-schema-graph\">{\"@context\":\"https:\/\/schema.org\",\"@graph\":[{\"@type\":\"WebPage\",\"@id\":\"http:\/\/www.lesm-designstudio.com\/mentions-legales\/\",\"url\":\"http:\/\/www.lesm-designstudio.com\/mentions-legales\/\",\"name\":\"Mentions l\u00e9gales - Les M Studio\",\"isPartOf\":{\"@id\":\"https:\/\/www.lesm-designstudio.com\/en\/#website\"},\"datePublished\":\"2016-03-10T15:32:49+00:00\",\"dateModified\":\"2024-09-05T14:26:23+00:00\",\"breadcrumb\":{\"@id\":\"http:\/\/www.lesm-designstudio.com\/mentions-legales\/#breadcrumb\"},\"inLanguage\":\"en-US\",\"potentialAction\":[{\"@type\":\"ReadAction\",\"target\":[\"http:\/\/www.lesm-designstudio.com\/mentions-legales\/\"]}]},{\"@type\":\"BreadcrumbList\",\"@id\":\"http:\/\/www.lesm-designstudio.com\/mentions-legales\/#breadcrumb\",\"itemListElement\":[{\"@type\":\"ListItem\",\"position\":1,\"name\":\"Accueil\",\"item\":\"https:\/\/www.lesm-designstudio.com\/en\/\"},{\"@type\":\"ListItem\",\"position\":2,\"name\":\"Mentions l\u00e9gales\"}]},{\"@type\":\"WebSite\",\"@id\":\"https:\/\/www.lesm-designstudio.com\/en\/#website\",\"url\":\"https:\/\/www.lesm-designstudio.com\/en\/\",\"name\":\"Les M Studio\",\"description\":\"\",\"publisher\":{\"@id\":\"https:\/\/www.lesm-designstudio.com\/en\/#organization\"},\"potentialAction\":[{\"@type\":\"SearchAction\",\"target\":{\"@type\":\"EntryPoint\",\"urlTemplate\":\"https:\/\/www.lesm-designstudio.com\/en\/?s={search_term_string}\"},\"query-input\":{\"@type\":\"PropertyValueSpecification\",\"valueRequired\":true,\"valueName\":\"search_term_string\"}}],\"inLanguage\":\"en-US\"},{\"@type\":\"Organization\",\"@id\":\"https:\/\/www.lesm-designstudio.com\/en\/#organization\",\"name\":\"Les M Studio\",\"url\":\"https:\/\/www.lesm-designstudio.com\/en\/\",\"logo\":{\"@type\":\"ImageObject\",\"inLanguage\":\"en-US\",\"@id\":\"https:\/\/www.lesm-designstudio.com\/en\/#\/schema\/logo\/image\/\",\"url\":\"https:\/\/www.lesm-designstudio.com\/wp-content\/uploads\/2016\/03\/LOGO.png\",\"contentUrl\":\"https:\/\/www.lesm-designstudio.com\/wp-content\/uploads\/2016\/03\/LOGO.png\",\"width\":492,\"height\":237,\"caption\":\"Les M Studio\"},\"image\":{\"@id\":\"https:\/\/www.lesm-designstudio.com\/en\/#\/schema\/logo\/image\/\"}}]}<\/script>\n<!-- \/ Yoast SEO plugin. -->","yoast_head_json":{"title":"Mentions l\u00e9gales - Les M Studio","robots":{"index":"index","follow":"follow","max-snippet":"max-snippet:-1","max-image-preview":"max-image-preview:large","max-video-preview":"max-video-preview:-1"},"canonical":"http:\/\/www.lesm-designstudio.com\/mentions-legales\/","og_locale":"en_US","og_type":"article","og_title":"Mentions l\u00e9gales - Les M Studio","og_url":"http:\/\/www.lesm-designstudio.com\/mentions-legales\/","og_site_name":"Les M Studio","article_modified_time":"2024-09-05T14:26:23+00:00","twitter_card":"summary_large_image","twitter_misc":{"Est. reading time":"1 minute"},"schema":{"@context":"https:\/\/schema.org","@graph":[{"@type":"WebPage","@id":"http:\/\/www.lesm-designstudio.com\/mentions-legales\/","url":"http:\/\/www.lesm-designstudio.com\/mentions-legales\/","name":"Mentions l\u00e9gales - Les M Studio","isPartOf":{"@id":"https:\/\/www.lesm-designstudio.com\/en\/#website"},"datePublished":"2016-03-10T15:32:49+00:00","dateModified":"2024-09-05T14:26:23+00:00","breadcrumb":{"@id":"http:\/\/www.lesm-designstudio.com\/mentions-legales\/#breadcrumb"},"inLanguage":"en-US","potentialAction":[{"@type":"ReadAction","target":["http:\/\/www.lesm-designstudio.com\/mentions-legales\/"]}]},{"@type":"BreadcrumbList","@id":"http:\/\/www.lesm-designstudio.com\/mentions-legales\/#breadcrumb","itemListElement":[{"@type":"ListItem","position":1,"name":"Accueil","item":"https:\/\/www.lesm-designstudio.com\/en\/"},{"@type":"ListItem","position":2,"name":"Mentions l\u00e9gales"}]},{"@type":"WebSite","@id":"https:\/\/www.lesm-designstudio.com\/en\/#website","url":"https:\/\/www.lesm-designstudio.com\/en\/","name":"Les M Studio","description":"","publisher":{"@id":"https:\/\/www.lesm-designstudio.com\/en\/#organization"},"potentialAction":[{"@type":"SearchAction","target":{"@type":"EntryPoint","urlTemplate":"https:\/\/www.lesm-designstudio.com\/en\/?s={search_term_string}"},"query-input":{"@type":"PropertyValueSpecification","valueRequired":true,"valueName":"search_term_string"}}],"inLanguage":"en-US"},{"@type":"Organization","@id":"https:\/\/www.lesm-designstudio.com\/en\/#organization","name":"Les M Studio","url":"https:\/\/www.lesm-designstudio.com\/en\/","logo":{"@type":"ImageObject","inLanguage":"en-US","@id":"https:\/\/www.lesm-designstudio.com\/en\/#\/schema\/logo\/image\/","url":"https:\/\/www.lesm-designstudio.com\/wp-content\/uploads\/2016\/03\/LOGO.png","contentUrl":"https:\/\/www.lesm-designstudio.com\/wp-content\/uploads\/2016\/03\/LOGO.png","width":492,"height":237,"caption":"Les M Studio"},"image":{"@id":"https:\/\/www.lesm-designstudio.com\/en\/#\/schema\/logo\/image\/"}}]}},"_links":{"self":[{"href":"https:\/\/www.lesm-designstudio.com\/en\/wp-json\/wp\/v2\/pages\/198"}],"collection":[{"href":"https:\/\/www.lesm-designstudio.com\/en\/wp-json\/wp\/v2\/pages"}],"about":[{"href":"https:\/\/www.lesm-designstudio.com\/en\/wp-json\/wp\/v2\/types\/page"}],"author":[{"embeddable":true,"href":"https:\/\/www.lesm-designstudio.com\/en\/wp-json\/wp\/v2\/users\/1"}],"replies":[{"embeddable":true,"href":"https:\/\/www.lesm-designstudio.com\/en\/wp-json\/wp\/v2\/comments?post=198"}],"version-history":[{"count":16,"href":"https:\/\/www.lesm-designstudio.com\/en\/wp-json\/wp\/v2\/pages\/198\/revisions"}],"predecessor-version":[{"id":3603,"href":"https:\/\/www.lesm-designstudio.com\/en\/wp-json\/wp\/v2\/pages\/198\/revisions\/3603"}],"wp:attachment":[{"href":"https:\/\/www.lesm-designstudio.com\/en\/wp-json\/wp\/v2\/media?parent=198"}],"curies":[{"name":"wp","href":"https:\/\/api.w.org\/{rel}","templated":true}]}}