{"id":2171,"date":"2016-12-28T14:41:00","date_gmt":"2016-12-28T13:41:00","guid":{"rendered":"http:\/\/www.lesm-designstudio.com\/?page_id=2171"},"modified":"2024-09-25T15:04:20","modified_gmt":"2024-09-25T14:04:20","slug":"cerf","status":"publish","type":"page","link":"http:\/\/www.lesm-designstudio.com\/en\/cerf\/","title":{"rendered":"CERF"},"content":{"rendered":"<div class=\"wpb-content-wrapper\"><p>[vc_row css=&#8221;.vc_custom_1458836023456{border-radius: 1px !important;}&#8221;][vc_column width=&#8221;3\/4&#8243; css=&#8221;.vc_custom_1459432018869{margin-top: -24px !important;}&#8221;][vc_column_text css=&#8221;.vc_custom_1460034108923{border-radius: 1px !important;}&#8221;]<\/p>\n<p style=\"text-align: justify;\"><img loading=\"lazy\" decoding=\"async\" class=\"aligncenter size-large wp-image-2302\" src=\"http:\/\/www.lesm-designstudio.com\/wp-content\/uploads\/2017\/01\/CERF-2-1003x1024.jpg\" alt=\"\" width=\"821\" height=\"838\" srcset=\"http:\/\/www.lesm-designstudio.com\/wp-content\/uploads\/2017\/01\/CERF-2-1003x1024.jpg 1003w, http:\/\/www.lesm-designstudio.com\/wp-content\/uploads\/2017\/01\/CERF-2-147x150.jpg 147w, http:\/\/www.lesm-designstudio.com\/wp-content\/uploads\/2017\/01\/CERF-2-294x300.jpg 294w, http:\/\/www.lesm-designstudio.com\/wp-content\/uploads\/2017\/01\/CERF-2.jpg 1831w\" sizes=\"(max-width: 821px) 100vw, 821px\" \/><\/p>\n<p style=\"text-align: justify;\"><img loading=\"lazy\" decoding=\"async\" class=\"aligncenter size-large wp-image-2272\" src=\"http:\/\/www.lesm-designstudio.com\/wp-content\/uploads\/2016\/12\/CERF6-1024x795.jpg\" alt=\"\" width=\"821\" height=\"637\" srcset=\"http:\/\/www.lesm-designstudio.com\/wp-content\/uploads\/2016\/12\/CERF6-1024x795.jpg 1024w, http:\/\/www.lesm-designstudio.com\/wp-content\/uploads\/2016\/12\/CERF6-150x116.jpg 150w, http:\/\/www.lesm-designstudio.com\/wp-content\/uploads\/2016\/12\/CERF6-300x233.jpg 300w, http:\/\/www.lesm-designstudio.com\/wp-content\/uploads\/2016\/12\/CERF6.jpg 1874w\" sizes=\"(max-width: 821px) 100vw, 821px\" \/><\/p>\n<p><img loading=\"lazy\" decoding=\"async\" class=\"aligncenter wp-image-2439\" src=\"http:\/\/www.lesm-designstudio.com\/wp-content\/uploads\/2017\/04\/CERF5-684x1024.jpg\" alt=\"\" width=\"821\" height=\"1230\" srcset=\"http:\/\/www.lesm-designstudio.com\/wp-content\/uploads\/2017\/04\/CERF5-684x1024.jpg 684w, http:\/\/www.lesm-designstudio.com\/wp-content\/uploads\/2017\/04\/CERF5-100x150.jpg 100w, http:\/\/www.lesm-designstudio.com\/wp-content\/uploads\/2017\/04\/CERF5-200x300.jpg 200w, http:\/\/www.lesm-designstudio.com\/wp-content\/uploads\/2017\/04\/CERF5.jpg 964w\" sizes=\"(max-width: 821px) 100vw, 821px\" \/><\/p>\n<p style=\"text-align: justify;\"><img loading=\"lazy\" decoding=\"async\" class=\"aligncenter size-large wp-image-2269\" src=\"http:\/\/www.lesm-designstudio.com\/wp-content\/uploads\/2016\/12\/CERF2-1024x749.jpg\" alt=\"\" width=\"821\" height=\"601\" srcset=\"http:\/\/www.lesm-designstudio.com\/wp-content\/uploads\/2016\/12\/CERF2-1024x749.jpg 1024w, http:\/\/www.lesm-designstudio.com\/wp-content\/uploads\/2016\/12\/CERF2-150x110.jpg 150w, http:\/\/www.lesm-designstudio.com\/wp-content\/uploads\/2016\/12\/CERF2-300x219.jpg 300w\" sizes=\"(max-width: 821px) 100vw, 821px\" \/><\/p>\n<p style=\"text-align: justify;\"><img loading=\"lazy\" decoding=\"async\" class=\"aligncenter size-large wp-image-4117\" src=\"http:\/\/www.lesm-designstudio.com\/wp-content\/uploads\/2024\/09\/CERF-1024x743.jpg\" alt=\"\" width=\"821\" height=\"596\" srcset=\"http:\/\/www.lesm-designstudio.com\/wp-content\/uploads\/2024\/09\/CERF-1024x743.jpg 1024w, http:\/\/www.lesm-designstudio.com\/wp-content\/uploads\/2024\/09\/CERF-300x218.jpg 300w, http:\/\/www.lesm-designstudio.com\/wp-content\/uploads\/2024\/09\/CERF-150x109.jpg 150w, http:\/\/www.lesm-designstudio.com\/wp-content\/uploads\/2024\/09\/CERF-1536x1114.jpg 1536w, http:\/\/www.lesm-designstudio.com\/wp-content\/uploads\/2024\/09\/CERF-2048x1486.jpg 2048w\" sizes=\"(max-width: 821px) 100vw, 821px\" \/><\/p>\n<p style=\"text-align: justify;\"><img loading=\"lazy\" decoding=\"async\" class=\"aligncenter size-large wp-image-2270\" src=\"http:\/\/www.lesm-designstudio.com\/wp-content\/uploads\/2016\/12\/CERF3-1024x743.jpg\" alt=\"\" width=\"821\" height=\"596\" srcset=\"http:\/\/www.lesm-designstudio.com\/wp-content\/uploads\/2016\/12\/CERF3-1024x743.jpg 1024w, http:\/\/www.lesm-designstudio.com\/wp-content\/uploads\/2016\/12\/CERF3-150x109.jpg 150w, http:\/\/www.lesm-designstudio.com\/wp-content\/uploads\/2016\/12\/CERF3-300x218.jpg 300w, http:\/\/www.lesm-designstudio.com\/wp-content\/uploads\/2016\/12\/CERF3.jpg 1772w\" sizes=\"(max-width: 821px) 100vw, 821px\" \/><\/p>\n<p style=\"text-align: justify;\">[\/vc_column_text][\/vc_column][vc_column width=&#8221;1\/4&#8243; css=&#8221;.vc_custom_1458838930175{background-color: #efefef !important;}&#8221;][vc_empty_space height=&#8221;2px&#8221;][vc_column_text]<\/p>\n<h3><span style=\"color: #808080;\">Cerf,\u00a0armchair<\/span><\/h3>\n<p style=\"color: #808080; margin-top: -15px;\"><strong>2016<\/strong><\/p>\n<h6 style=\"margin-top: -15px; text-align: justify;\">Materials : ash, plywood, foam and fabrics<br \/>\nSize : 75x59x105 cm<\/h6>\n<p style=\"text-align: justify;\">R\u00e9sidences de l\u2019Art en Dordogne \u2013 P\u00f4le Exp\u00e9rimental des M\u00e9tiers d\u2019Art de Nontron et du P\u00e9rigord Limousin<\/p>\n<p><strong>In\u00a0collaboration with Laurence Girard,\u00a0<\/strong><b>upholsterer<\/b>\u00a0<b>and<\/b>\u00a0<strong>Alexander Hay, cabinetmaker.<\/strong><\/p>\n<p style=\"text-align: justify;\">The curves of this throne-like chair are also inspired by the flora of the P\u00e9rigord-Limousin Regional Natural Park. The contrasting structure subtly evokes the branches of a tree or the antlers of the Stag, king of the forest.\u00a0Particular attention was paid to the comfort of the chair and to the assembly of the wooden parts with the collaboration of Laurence Girard and Alexander Hay.<\/p>\n<p>&nbsp;<\/p>\n<h6 style=\"margin-top: -15px; margin-bottom: 22px;\">Photo credits : Michel Dartenset<\/h6>\n<p>[\/vc_column_text][vc_empty_space height=&#8221;2px&#8221;][\/vc_column][\/vc_row][vc_row][vc_column][vc_separator][vc_basic_grid post_type=&#8221;page&#8221; max_items=&#8221;4&#8243; element_width=&#8221;3&#8243; orderby=&#8221;rand&#8221; item=&#8221;412&#8243; grid_id=&#8221;vc_gid:1482159774030-c33e00db-b25d-8&#8243; taxonomies=&#8221;8&#8243;][\/vc_column][\/vc_row]<\/p>\n<\/div>","protected":false},"excerpt":{"rendered":"<p>Design &#038; M\u00e9tiers d&#8217;Art Residency<\/p>\n","protected":false},"author":1,"featured_media":2802,"parent":0,"menu_order":0,"comment_status":"closed","ping_status":"closed","template":"","meta":{"footnotes":""},"class_list":["post-2171","page","type-page","status-publish","has-post-thumbnail","hentry"],"translation":{"provider":"WPGlobus","version":"3.0.0","language":"en","enabled_languages":["fr","en"],"languages":{"fr":{"title":true,"content":true,"excerpt":true},"en":{"title":false,"content":true,"excerpt":true}}},"yoast_head":"<!-- This site is optimized with the Yoast SEO plugin v23.9 - https:\/\/yoast.com\/wordpress\/plugins\/seo\/ -->\n<title>CERF - Les M Studio<\/title>\n<meta name=\"robots\" content=\"index, follow, max-snippet:-1, max-image-preview:large, max-video-preview:-1\" \/>\n<link rel=\"canonical\" href=\"http:\/\/www.lesm-designstudio.com\/en\/cerf\/\" \/>\n<meta property=\"og:locale\" content=\"en_US\" \/>\n<meta property=\"og:type\" content=\"article\" \/>\n<meta property=\"og:title\" content=\"CERF - Les M Studio\" \/>\n<meta property=\"og:url\" content=\"http:\/\/www.lesm-designstudio.com\/en\/cerf\/\" \/>\n<meta property=\"og:site_name\" content=\"Les M Studio\" \/>\n<meta property=\"article:modified_time\" content=\"2024-09-25T14:04:20+00:00\" \/>\n<meta property=\"og:image\" content=\"http:\/\/www.lesm-designstudio.com\/wp-content\/uploads\/2017\/09\/FAUTEUIL-CERF-LES-M-STUDIO-CREDITS-HOTO-MICHEL-DARTENSET-6.jpg\" \/>\n\t<meta property=\"og:image:width\" content=\"3197\" \/>\n\t<meta property=\"og:image:height\" content=\"2340\" \/>\n\t<meta property=\"og:image:type\" content=\"image\/jpeg\" \/>\n<meta name=\"twitter:card\" content=\"summary_large_image\" \/>\n<meta name=\"twitter:label1\" content=\"Est. reading time\" \/>\n\t<meta name=\"twitter:data1\" content=\"2 minutes\" \/>\n<script type=\"application\/ld+json\" class=\"yoast-schema-graph\">{\"@context\":\"https:\/\/schema.org\",\"@graph\":[{\"@type\":\"WebPage\",\"@id\":\"http:\/\/www.lesm-designstudio.com\/en\/cerf\/\",\"url\":\"http:\/\/www.lesm-designstudio.com\/en\/cerf\/\",\"name\":\"CERF - Les M Studio\",\"isPartOf\":{\"@id\":\"https:\/\/www.lesm-designstudio.com\/en\/#website\"},\"primaryImageOfPage\":{\"@id\":\"http:\/\/www.lesm-designstudio.com\/en\/cerf\/#primaryimage\"},\"image\":{\"@id\":\"http:\/\/www.lesm-designstudio.com\/en\/cerf\/#primaryimage\"},\"thumbnailUrl\":\"http:\/\/www.lesm-designstudio.com\/wp-content\/uploads\/2017\/09\/FAUTEUIL-CERF-LES-M-STUDIO-CREDITS-HOTO-MICHEL-DARTENSET-6.jpg\",\"datePublished\":\"2016-12-28T13:41:00+00:00\",\"dateModified\":\"2024-09-25T14:04:20+00:00\",\"breadcrumb\":{\"@id\":\"http:\/\/www.lesm-designstudio.com\/en\/cerf\/#breadcrumb\"},\"inLanguage\":\"en-US\",\"potentialAction\":[{\"@type\":\"ReadAction\",\"target\":[\"http:\/\/www.lesm-designstudio.com\/en\/cerf\/\"]}]},{\"@type\":\"ImageObject\",\"inLanguage\":\"en-US\",\"@id\":\"http:\/\/www.lesm-designstudio.com\/en\/cerf\/#primaryimage\",\"url\":\"http:\/\/www.lesm-designstudio.com\/wp-content\/uploads\/2017\/09\/FAUTEUIL-CERF-LES-M-STUDIO-CREDITS-HOTO-MICHEL-DARTENSET-6.jpg\",\"contentUrl\":\"http:\/\/www.lesm-designstudio.com\/wp-content\/uploads\/2017\/09\/FAUTEUIL-CERF-LES-M-STUDIO-CREDITS-HOTO-MICHEL-DARTENSET-6.jpg\",\"width\":3197,\"height\":2340},{\"@type\":\"BreadcrumbList\",\"@id\":\"http:\/\/www.lesm-designstudio.com\/en\/cerf\/#breadcrumb\",\"itemListElement\":[{\"@type\":\"ListItem\",\"position\":1,\"name\":\"Accueil\",\"item\":\"https:\/\/www.lesm-designstudio.com\/en\/\"},{\"@type\":\"ListItem\",\"position\":2,\"name\":\"CERF\"}]},{\"@type\":\"WebSite\",\"@id\":\"https:\/\/www.lesm-designstudio.com\/en\/#website\",\"url\":\"https:\/\/www.lesm-designstudio.com\/en\/\",\"name\":\"Les M Studio\",\"description\":\"\",\"publisher\":{\"@id\":\"https:\/\/www.lesm-designstudio.com\/en\/#organization\"},\"potentialAction\":[{\"@type\":\"SearchAction\",\"target\":{\"@type\":\"EntryPoint\",\"urlTemplate\":\"https:\/\/www.lesm-designstudio.com\/en\/?s={search_term_string}\"},\"query-input\":{\"@type\":\"PropertyValueSpecification\",\"valueRequired\":true,\"valueName\":\"search_term_string\"}}],\"inLanguage\":\"en-US\"},{\"@type\":\"Organization\",\"@id\":\"https:\/\/www.lesm-designstudio.com\/en\/#organization\",\"name\":\"Les M Studio\",\"url\":\"https:\/\/www.lesm-designstudio.com\/en\/\",\"logo\":{\"@type\":\"ImageObject\",\"inLanguage\":\"en-US\",\"@id\":\"https:\/\/www.lesm-designstudio.com\/en\/#\/schema\/logo\/image\/\",\"url\":\"https:\/\/www.lesm-designstudio.com\/wp-content\/uploads\/2016\/03\/LOGO.png\",\"contentUrl\":\"https:\/\/www.lesm-designstudio.com\/wp-content\/uploads\/2016\/03\/LOGO.png\",\"width\":492,\"height\":237,\"caption\":\"Les M Studio\"},\"image\":{\"@id\":\"https:\/\/www.lesm-designstudio.com\/en\/#\/schema\/logo\/image\/\"}}]}<\/script>\n<!-- \/ Yoast SEO plugin. -->","yoast_head_json":{"title":"CERF - Les M Studio","robots":{"index":"index","follow":"follow","max-snippet":"max-snippet:-1","max-image-preview":"max-image-preview:large","max-video-preview":"max-video-preview:-1"},"canonical":"http:\/\/www.lesm-designstudio.com\/en\/cerf\/","og_locale":"en_US","og_type":"article","og_title":"CERF - Les M Studio","og_url":"http:\/\/www.lesm-designstudio.com\/en\/cerf\/","og_site_name":"Les M Studio","article_modified_time":"2024-09-25T14:04:20+00:00","og_image":[{"width":3197,"height":2340,"url":"http:\/\/www.lesm-designstudio.com\/wp-content\/uploads\/2017\/09\/FAUTEUIL-CERF-LES-M-STUDIO-CREDITS-HOTO-MICHEL-DARTENSET-6.jpg","type":"image\/jpeg"}],"twitter_card":"summary_large_image","twitter_misc":{"Est. reading time":"2 minutes"},"schema":{"@context":"https:\/\/schema.org","@graph":[{"@type":"WebPage","@id":"http:\/\/www.lesm-designstudio.com\/en\/cerf\/","url":"http:\/\/www.lesm-designstudio.com\/en\/cerf\/","name":"CERF - Les M Studio","isPartOf":{"@id":"https:\/\/www.lesm-designstudio.com\/en\/#website"},"primaryImageOfPage":{"@id":"http:\/\/www.lesm-designstudio.com\/en\/cerf\/#primaryimage"},"image":{"@id":"http:\/\/www.lesm-designstudio.com\/en\/cerf\/#primaryimage"},"thumbnailUrl":"http:\/\/www.lesm-designstudio.com\/wp-content\/uploads\/2017\/09\/FAUTEUIL-CERF-LES-M-STUDIO-CREDITS-HOTO-MICHEL-DARTENSET-6.jpg","datePublished":"2016-12-28T13:41:00+00:00","dateModified":"2024-09-25T14:04:20+00:00","breadcrumb":{"@id":"http:\/\/www.lesm-designstudio.com\/en\/cerf\/#breadcrumb"},"inLanguage":"en-US","potentialAction":[{"@type":"ReadAction","target":["http:\/\/www.lesm-designstudio.com\/en\/cerf\/"]}]},{"@type":"ImageObject","inLanguage":"en-US","@id":"http:\/\/www.lesm-designstudio.com\/en\/cerf\/#primaryimage","url":"http:\/\/www.lesm-designstudio.com\/wp-content\/uploads\/2017\/09\/FAUTEUIL-CERF-LES-M-STUDIO-CREDITS-HOTO-MICHEL-DARTENSET-6.jpg","contentUrl":"http:\/\/www.lesm-designstudio.com\/wp-content\/uploads\/2017\/09\/FAUTEUIL-CERF-LES-M-STUDIO-CREDITS-HOTO-MICHEL-DARTENSET-6.jpg","width":3197,"height":2340},{"@type":"BreadcrumbList","@id":"http:\/\/www.lesm-designstudio.com\/en\/cerf\/#breadcrumb","itemListElement":[{"@type":"ListItem","position":1,"name":"Accueil","item":"https:\/\/www.lesm-designstudio.com\/en\/"},{"@type":"ListItem","position":2,"name":"CERF"}]},{"@type":"WebSite","@id":"https:\/\/www.lesm-designstudio.com\/en\/#website","url":"https:\/\/www.lesm-designstudio.com\/en\/","name":"Les M Studio","description":"","publisher":{"@id":"https:\/\/www.lesm-designstudio.com\/en\/#organization"},"potentialAction":[{"@type":"SearchAction","target":{"@type":"EntryPoint","urlTemplate":"https:\/\/www.lesm-designstudio.com\/en\/?s={search_term_string}"},"query-input":{"@type":"PropertyValueSpecification","valueRequired":true,"valueName":"search_term_string"}}],"inLanguage":"en-US"},{"@type":"Organization","@id":"https:\/\/www.lesm-designstudio.com\/en\/#organization","name":"Les M Studio","url":"https:\/\/www.lesm-designstudio.com\/en\/","logo":{"@type":"ImageObject","inLanguage":"en-US","@id":"https:\/\/www.lesm-designstudio.com\/en\/#\/schema\/logo\/image\/","url":"https:\/\/www.lesm-designstudio.com\/wp-content\/uploads\/2016\/03\/LOGO.png","contentUrl":"https:\/\/www.lesm-designstudio.com\/wp-content\/uploads\/2016\/03\/LOGO.png","width":492,"height":237,"caption":"Les M Studio"},"image":{"@id":"https:\/\/www.lesm-designstudio.com\/en\/#\/schema\/logo\/image\/"}}]}},"_links":{"self":[{"href":"http:\/\/www.lesm-designstudio.com\/en\/wp-json\/wp\/v2\/pages\/2171"}],"collection":[{"href":"http:\/\/www.lesm-designstudio.com\/en\/wp-json\/wp\/v2\/pages"}],"about":[{"href":"http:\/\/www.lesm-designstudio.com\/en\/wp-json\/wp\/v2\/types\/page"}],"author":[{"embeddable":true,"href":"http:\/\/www.lesm-designstudio.com\/en\/wp-json\/wp\/v2\/users\/1"}],"replies":[{"embeddable":true,"href":"http:\/\/www.lesm-designstudio.com\/en\/wp-json\/wp\/v2\/comments?post=2171"}],"version-history":[{"count":28,"href":"http:\/\/www.lesm-designstudio.com\/en\/wp-json\/wp\/v2\/pages\/2171\/revisions"}],"predecessor-version":[{"id":4128,"href":"http:\/\/www.lesm-designstudio.com\/en\/wp-json\/wp\/v2\/pages\/2171\/revisions\/4128"}],"wp:featuredmedia":[{"embeddable":true,"href":"http:\/\/www.lesm-designstudio.com\/en\/wp-json\/wp\/v2\/media\/2802"}],"wp:attachment":[{"href":"http:\/\/www.lesm-designstudio.com\/en\/wp-json\/wp\/v2\/media?parent=2171"}],"curies":[{"name":"wp","href":"https:\/\/api.w.org\/{rel}","templated":true}]}}